{"id":13,"date":"2024-07-08T20:00:05","date_gmt":"2024-07-08T18:00:05","guid":{"rendered":"https:\/\/thetahealing-bruxelles.be\/?page_id=13"},"modified":"2026-03-23T01:37:49","modified_gmt":"2026-03-23T00:37:49","slug":"vous-etes-therapeute-en-thetahealing","status":"publish","type":"page","link":"https:\/\/thetahealing-bruxelles.be\/index.php\/vous-etes-therapeute-en-thetahealing\/","title":{"rendered":"Vous \u00eates th\u00e9rapeute en thetahealing ?"},"content":{"rendered":"<div class=\"yoast-breadcrumbs\"><span><span><a href=\"https:\/\/thetahealing-bruxelles.be\/\">Accueil<\/a><\/span> \u00bb <span class=\"breadcrumb_last\" aria-current=\"page\">Vous \u00eates th\u00e9rapeute en thetahealing ?<\/span><\/span><\/div>\n\n\n<h1 class=\"wp-block-heading has-text-align-center\">Th\u00e9rapeute en thetaHealing ? Une envie de visibilit\u00e9 sur ce site ?<\/h1>\n\n\n<div class=\"wp-block-image\">\n<figure class=\"aligncenter size-large is-resized\"><img fetchpriority=\"high\" decoding=\"async\" width=\"1024\" height=\"788\" src=\"https:\/\/thetahealing-bruxelles.be\/wp-content\/uploads\/2024\/07\/2024-07-09-02-41-43-282-1024x788.jpg\" alt=\"\" class=\"wp-image-97\" style=\"width:500px\" srcset=\"https:\/\/thetahealing-bruxelles.be\/wp-content\/uploads\/2024\/07\/2024-07-09-02-41-43-282-1024x788.jpg 1024w, https:\/\/thetahealing-bruxelles.be\/wp-content\/uploads\/2024\/07\/2024-07-09-02-41-43-282-300x231.jpg 300w, https:\/\/thetahealing-bruxelles.be\/wp-content\/uploads\/2024\/07\/2024-07-09-02-41-43-282-768x591.jpg 768w, https:\/\/thetahealing-bruxelles.be\/wp-content\/uploads\/2024\/07\/2024-07-09-02-41-43-282-1536x1181.jpg 1536w, https:\/\/thetahealing-bruxelles.be\/wp-content\/uploads\/2024\/07\/2024-07-09-02-41-43-282-2048x1575.jpg 2048w, https:\/\/thetahealing-bruxelles.be\/wp-content\/uploads\/2024\/07\/2024-07-09-02-41-43-282-1140x877.jpg 1140w\" sizes=\"(max-width: 1024px) 100vw, 1024px\" \/><\/figure>\n<\/div>\n\n\n<div style=\"height:30px\" aria-hidden=\"true\" class=\"wp-block-spacer\"><\/div>\n\n\n\n<p class=\"has-text-align-center\">Vous \u00eates th\u00e9rapeute en ThetaHealing et souhaitez accro\u00eetre votre visibilit\u00e9 sur Bruxelles ou en Belgique ? Notre site internet est la solution id\u00e9ale pour vous. Nous offrons une plateforme d\u00e9di\u00e9e aux praticien.ne.s de ThetaHealing, \u00e0 partir du niveau thetaHealing Advanced DNA, o\u00f9 vous pouvez vous faire conna\u00eetre aupr\u00e8s d&rsquo;une client\u00e8le cibl\u00e9e et en recherche de vos services sp\u00e9cifiques.<\/p>\n\n\n\n<p class=\"has-text-align-center\">En tant que th\u00e9rapeute, vous savez \u00e0 quel point il est essentiel de toucher un public large et de se d\u00e9marquer. Or \u00eatre th\u00e9rapeute, c&rsquo;est souvent chercher \u00e0 aider l&rsquo;humain et \u00eatre proche des gens. Aussi ce site permet d&rsquo;associer plusieurs th\u00e9rapeutes au m\u00eame endroit. C&rsquo;est b\u00e9n\u00e9fique pour tout le monde : les patient.e.s vous trouvent plus facilement et vous aidez ainsi plus de personnes. <\/p>\n\n\n\n<p class=\"has-text-align-center\">Notre site vous offre cette opportunit\u00e9 en vous pla\u00e7ant en t\u00eate des r\u00e9sultats de recherche pour les mots-cl\u00e9s \u00ab\u00a0Th\u00e9rapeute ThetaHealing Bruxelles\u00a0\u00bb et \u00ab\u00a0ThetaHealing Belgique\u00a0\u00bb. Gr\u00e2ce \u00e0 un abonnement abordable, vous b\u00e9n\u00e9ficiez d&rsquo;un espace d\u00e9di\u00e9 sur notre plateforme, d&rsquo;une fiche de pr\u00e9sentation d\u00e9taill\u00e9e et d&rsquo;une optimisation SEO pour vous rendre plus visible.<\/p>\n\n\n\n<p class=\"has-text-align-center\">Pourquoi rejoindre notre communaut\u00e9 ? En nous rejoignant, vous faites partie d&rsquo;un r\u00e9seau de professionnel.le.s reconnu.e.s. Votre fiche sera mise en avant sur notre annuaire de th\u00e9rapeutes, garantissant une visibilit\u00e9 accrue aupr\u00e8s des client.e.s potentiel.e.s cherchant des soins de ThetaHealing.<\/p>\n\n\n\n<p class=\"has-text-align-center\">Contactez d\u00e8s aujourd&rsquo;hui notre \u00e9quipe pour en savoir plus sur nos offres d&rsquo;abonnement et commencez \u00e0 maximiser votre pr\u00e9sence en ligne d\u00e8s maintenant. <\/p>\n","protected":false},"excerpt":{"rendered":"<p>Th\u00e9rapeute en thetaHealing ? Une envie de visibilit\u00e9 sur ce site ? Vous \u00eates th\u00e9rapeute en ThetaHealing et souhaitez accro\u00eetre votre visibilit\u00e9 sur Bruxelles ou en Belgique ? Notre site internet est la solution id\u00e9ale pour vous. Nous offrons une plateforme d\u00e9di\u00e9e aux praticien.ne.s de ThetaHealing, \u00e0 partir du niveau thetaHealing Advanced DNA, o\u00f9 vous pouvez vous faire conna\u00eetre aupr\u00e8s d&rsquo;une client\u00e8le cibl\u00e9e et en recherche de vos services sp\u00e9cifiques. En tant que th\u00e9rapeute, vous savez \u00e0 quel point il est essentiel de toucher un public large et de se d\u00e9marquer. Or \u00eatre th\u00e9rapeute, c&rsquo;est souvent chercher \u00e0 aider l&rsquo;humain et \u00eatre proche des gens. Aussi ce site permet d&rsquo;associer plusieurs th\u00e9rapeutes au m\u00eame endroit. C&rsquo;est b\u00e9n\u00e9fique pour tout le monde : les patient.e.s vous trouvent plus facilement et vous aidez ainsi plus de personnes. Notre site vous offre cette opportunit\u00e9 en vous pla\u00e7ant en t\u00eate des r\u00e9sultats de recherche pour les mots-cl\u00e9s \u00ab\u00a0Th\u00e9rapeute ThetaHealing Bruxelles\u00a0\u00bb et \u00ab\u00a0ThetaHealing Belgique\u00a0\u00bb. Gr\u00e2ce \u00e0 un abonnement abordable, vous b\u00e9n\u00e9ficiez d&rsquo;un espace d\u00e9di\u00e9 sur notre plateforme, d&rsquo;une fiche de pr\u00e9sentation d\u00e9taill\u00e9e et d&rsquo;une optimisation SEO pour vous rendre plus visible. Pourquoi rejoindre notre communaut\u00e9 ? En nous rejoignant, vous faites partie d&rsquo;un r\u00e9seau de professionnel.le.s reconnu.e.s. Votre fiche sera mise en avant sur notre annuaire de th\u00e9rapeutes, garantissant une visibilit\u00e9 accrue aupr\u00e8s des client.e.s potentiel.e.s cherchant des soins de ThetaHealing. Contactez d\u00e8s aujourd&rsquo;hui notre \u00e9quipe pour en savoir plus sur nos offres d&rsquo;abonnement et commencez \u00e0 maximiser votre pr\u00e9sence en ligne d\u00e8s maintenant.<\/p>\n","protected":false},"author":1,"featured_media":0,"parent":0,"menu_order":0,"comment_status":"closed","ping_status":"closed","template":"","meta":{"footnotes":""},"class_list":["post-13","page","type-page","status-publish","hentry"],"yoast_head":"<!-- This site is optimized with the Yoast SEO plugin v27.3 - https:\/\/yoast.com\/product\/yoast-seo-wordpress\/ -->\n<title>Vous \u00eates th\u00e9rapeute en thetahealing ? - ThetaHealing-Bruxelles<\/title>\n<meta name=\"description\" content=\"Faites partie d&#039;un site qui fait la promotion du thetahealing \u00e0 Bruxelles et en Belgique. Obtenez une page qui vous est d\u00e9di\u00e9.\" \/>\n<meta name=\"robots\" content=\"index, follow, max-snippet:-1, max-image-preview:large, max-video-preview:-1\" \/>\n<link rel=\"canonical\" href=\"https:\/\/thetahealing-bruxelles.be\/index.php\/vous-etes-therapeute-en-thetahealing\/\" \/>\n<meta property=\"og:locale\" content=\"fr_FR\" \/>\n<meta property=\"og:type\" content=\"article\" \/>\n<meta property=\"og:title\" content=\"Vous \u00eates th\u00e9rapeute en thetahealing ? - ThetaHealing-Bruxelles\" \/>\n<meta property=\"og:description\" content=\"Faites partie d&#039;un site qui fait la promotion du thetahealing \u00e0 Bruxelles et en Belgique. Obtenez une page qui vous est d\u00e9di\u00e9.\" \/>\n<meta property=\"og:url\" content=\"https:\/\/thetahealing-bruxelles.be\/index.php\/vous-etes-therapeute-en-thetahealing\/\" \/>\n<meta property=\"og:site_name\" content=\"ThetaHealing-Bruxelles\" \/>\n<meta property=\"article:modified_time\" content=\"2026-03-23T00:37:49+00:00\" \/>\n<meta property=\"og:image\" content=\"https:\/\/thetahealing-bruxelles.be\/wp-content\/uploads\/2024\/07\/2024-07-09-02-41-43-282.jpg\" \/>\n\t<meta property=\"og:image:width\" content=\"2560\" \/>\n\t<meta property=\"og:image:height\" content=\"1969\" \/>\n\t<meta property=\"og:image:type\" content=\"image\/jpeg\" \/>\n<meta name=\"twitter:card\" content=\"summary_large_image\" \/>\n<meta name=\"twitter:label1\" content=\"Dur\u00e9e de lecture estim\u00e9e\" \/>\n\t<meta name=\"twitter:data1\" content=\"2 minutes\" \/>\n<script type=\"application\/ld+json\" class=\"yoast-schema-graph\">{\"@context\":\"https:\\\/\\\/schema.org\",\"@graph\":[{\"@type\":\"WebPage\",\"@id\":\"https:\\\/\\\/thetahealing-bruxelles.be\\\/index.php\\\/vous-etes-therapeute-en-thetahealing\\\/\",\"url\":\"https:\\\/\\\/thetahealing-bruxelles.be\\\/index.php\\\/vous-etes-therapeute-en-thetahealing\\\/\",\"name\":\"Vous \u00eates th\u00e9rapeute en thetahealing ? - ThetaHealing-Bruxelles\",\"isPartOf\":{\"@id\":\"https:\\\/\\\/thetahealing-bruxelles.be\\\/#website\"},\"primaryImageOfPage\":{\"@id\":\"https:\\\/\\\/thetahealing-bruxelles.be\\\/index.php\\\/vous-etes-therapeute-en-thetahealing\\\/#primaryimage\"},\"image\":{\"@id\":\"https:\\\/\\\/thetahealing-bruxelles.be\\\/index.php\\\/vous-etes-therapeute-en-thetahealing\\\/#primaryimage\"},\"thumbnailUrl\":\"https:\\\/\\\/thetahealing-bruxelles.be\\\/wp-content\\\/uploads\\\/2024\\\/07\\\/2024-07-09-02-41-43-282-1024x788.jpg\",\"datePublished\":\"2024-07-08T18:00:05+00:00\",\"dateModified\":\"2026-03-23T00:37:49+00:00\",\"description\":\"Faites partie d'un site qui fait la promotion du thetahealing \u00e0 Bruxelles et en Belgique. Obtenez une page qui vous est d\u00e9di\u00e9.\",\"breadcrumb\":{\"@id\":\"https:\\\/\\\/thetahealing-bruxelles.be\\\/index.php\\\/vous-etes-therapeute-en-thetahealing\\\/#breadcrumb\"},\"inLanguage\":\"fr-FR\",\"potentialAction\":[{\"@type\":\"ReadAction\",\"target\":[\"https:\\\/\\\/thetahealing-bruxelles.be\\\/index.php\\\/vous-etes-therapeute-en-thetahealing\\\/\"]}]},{\"@type\":\"ImageObject\",\"inLanguage\":\"fr-FR\",\"@id\":\"https:\\\/\\\/thetahealing-bruxelles.be\\\/index.php\\\/vous-etes-therapeute-en-thetahealing\\\/#primaryimage\",\"url\":\"https:\\\/\\\/thetahealing-bruxelles.be\\\/wp-content\\\/uploads\\\/2024\\\/07\\\/2024-07-09-02-41-43-282.jpg\",\"contentUrl\":\"https:\\\/\\\/thetahealing-bruxelles.be\\\/wp-content\\\/uploads\\\/2024\\\/07\\\/2024-07-09-02-41-43-282.jpg\",\"width\":2560,\"height\":1969,\"caption\":\"Th\u00e9rapeutes en thetaHealing\"},{\"@type\":\"BreadcrumbList\",\"@id\":\"https:\\\/\\\/thetahealing-bruxelles.be\\\/index.php\\\/vous-etes-therapeute-en-thetahealing\\\/#breadcrumb\",\"itemListElement\":[{\"@type\":\"ListItem\",\"position\":1,\"name\":\"Accueil\",\"item\":\"https:\\\/\\\/thetahealing-bruxelles.be\\\/\"},{\"@type\":\"ListItem\",\"position\":2,\"name\":\"Vous \u00eates th\u00e9rapeute en thetahealing ?\"}]},{\"@type\":\"WebSite\",\"@id\":\"https:\\\/\\\/thetahealing-bruxelles.be\\\/#website\",\"url\":\"https:\\\/\\\/thetahealing-bruxelles.be\\\/\",\"name\":\"ThetaHealing-Bruxelles\",\"description\":\"D\u00e9passez vos croyances limitantes !\",\"potentialAction\":[{\"@type\":\"SearchAction\",\"target\":{\"@type\":\"EntryPoint\",\"urlTemplate\":\"https:\\\/\\\/thetahealing-bruxelles.be\\\/?s={search_term_string}\"},\"query-input\":{\"@type\":\"PropertyValueSpecification\",\"valueRequired\":true,\"valueName\":\"search_term_string\"}}],\"inLanguage\":\"fr-FR\"}]}<\/script>\n<!-- \/ Yoast SEO plugin. -->","yoast_head_json":{"title":"Vous \u00eates th\u00e9rapeute en thetahealing ? - ThetaHealing-Bruxelles","description":"Faites partie d'un site qui fait la promotion du thetahealing \u00e0 Bruxelles et en Belgique. Obtenez une page qui vous est d\u00e9di\u00e9.","robots":{"index":"index","follow":"follow","max-snippet":"max-snippet:-1","max-image-preview":"max-image-preview:large","max-video-preview":"max-video-preview:-1"},"canonical":"https:\/\/thetahealing-bruxelles.be\/index.php\/vous-etes-therapeute-en-thetahealing\/","og_locale":"fr_FR","og_type":"article","og_title":"Vous \u00eates th\u00e9rapeute en thetahealing ? - ThetaHealing-Bruxelles","og_description":"Faites partie d'un site qui fait la promotion du thetahealing \u00e0 Bruxelles et en Belgique. Obtenez une page qui vous est d\u00e9di\u00e9.","og_url":"https:\/\/thetahealing-bruxelles.be\/index.php\/vous-etes-therapeute-en-thetahealing\/","og_site_name":"ThetaHealing-Bruxelles","article_modified_time":"2026-03-23T00:37:49+00:00","og_image":[{"width":2560,"height":1969,"url":"https:\/\/thetahealing-bruxelles.be\/wp-content\/uploads\/2024\/07\/2024-07-09-02-41-43-282.jpg","type":"image\/jpeg"}],"twitter_card":"summary_large_image","twitter_misc":{"Dur\u00e9e de lecture estim\u00e9e":"2 minutes"},"schema":{"@context":"https:\/\/schema.org","@graph":[{"@type":"WebPage","@id":"https:\/\/thetahealing-bruxelles.be\/index.php\/vous-etes-therapeute-en-thetahealing\/","url":"https:\/\/thetahealing-bruxelles.be\/index.php\/vous-etes-therapeute-en-thetahealing\/","name":"Vous \u00eates th\u00e9rapeute en thetahealing ? - ThetaHealing-Bruxelles","isPartOf":{"@id":"https:\/\/thetahealing-bruxelles.be\/#website"},"primaryImageOfPage":{"@id":"https:\/\/thetahealing-bruxelles.be\/index.php\/vous-etes-therapeute-en-thetahealing\/#primaryimage"},"image":{"@id":"https:\/\/thetahealing-bruxelles.be\/index.php\/vous-etes-therapeute-en-thetahealing\/#primaryimage"},"thumbnailUrl":"https:\/\/thetahealing-bruxelles.be\/wp-content\/uploads\/2024\/07\/2024-07-09-02-41-43-282-1024x788.jpg","datePublished":"2024-07-08T18:00:05+00:00","dateModified":"2026-03-23T00:37:49+00:00","description":"Faites partie d'un site qui fait la promotion du thetahealing \u00e0 Bruxelles et en Belgique. Obtenez une page qui vous est d\u00e9di\u00e9.","breadcrumb":{"@id":"https:\/\/thetahealing-bruxelles.be\/index.php\/vous-etes-therapeute-en-thetahealing\/#breadcrumb"},"inLanguage":"fr-FR","potentialAction":[{"@type":"ReadAction","target":["https:\/\/thetahealing-bruxelles.be\/index.php\/vous-etes-therapeute-en-thetahealing\/"]}]},{"@type":"ImageObject","inLanguage":"fr-FR","@id":"https:\/\/thetahealing-bruxelles.be\/index.php\/vous-etes-therapeute-en-thetahealing\/#primaryimage","url":"https:\/\/thetahealing-bruxelles.be\/wp-content\/uploads\/2024\/07\/2024-07-09-02-41-43-282.jpg","contentUrl":"https:\/\/thetahealing-bruxelles.be\/wp-content\/uploads\/2024\/07\/2024-07-09-02-41-43-282.jpg","width":2560,"height":1969,"caption":"Th\u00e9rapeutes en thetaHealing"},{"@type":"BreadcrumbList","@id":"https:\/\/thetahealing-bruxelles.be\/index.php\/vous-etes-therapeute-en-thetahealing\/#breadcrumb","itemListElement":[{"@type":"ListItem","position":1,"name":"Accueil","item":"https:\/\/thetahealing-bruxelles.be\/"},{"@type":"ListItem","position":2,"name":"Vous \u00eates th\u00e9rapeute en thetahealing ?"}]},{"@type":"WebSite","@id":"https:\/\/thetahealing-bruxelles.be\/#website","url":"https:\/\/thetahealing-bruxelles.be\/","name":"ThetaHealing-Bruxelles","description":"D\u00e9passez vos croyances limitantes !","potentialAction":[{"@type":"SearchAction","target":{"@type":"EntryPoint","urlTemplate":"https:\/\/thetahealing-bruxelles.be\/?s={search_term_string}"},"query-input":{"@type":"PropertyValueSpecification","valueRequired":true,"valueName":"search_term_string"}}],"inLanguage":"fr-FR"}]}},"acf":[],"_links":{"self":[{"href":"https:\/\/thetahealing-bruxelles.be\/index.php\/wp-json\/wp\/v2\/pages\/13","targetHints":{"allow":["GET"]}}],"collection":[{"href":"https:\/\/thetahealing-bruxelles.be\/index.php\/wp-json\/wp\/v2\/pages"}],"about":[{"href":"https:\/\/thetahealing-bruxelles.be\/index.php\/wp-json\/wp\/v2\/types\/page"}],"author":[{"embeddable":true,"href":"https:\/\/thetahealing-bruxelles.be\/index.php\/wp-json\/wp\/v2\/users\/1"}],"replies":[{"embeddable":true,"href":"https:\/\/thetahealing-bruxelles.be\/index.php\/wp-json\/wp\/v2\/comments?post=13"}],"version-history":[{"count":14,"href":"https:\/\/thetahealing-bruxelles.be\/index.php\/wp-json\/wp\/v2\/pages\/13\/revisions"}],"predecessor-version":[{"id":233,"href":"https:\/\/thetahealing-bruxelles.be\/index.php\/wp-json\/wp\/v2\/pages\/13\/revisions\/233"}],"wp:attachment":[{"href":"https:\/\/thetahealing-bruxelles.be\/index.php\/wp-json\/wp\/v2\/media?parent=13"}],"curies":[{"name":"wp","href":"https:\/\/api.w.org\/{rel}","templated":true}]}}