{"id":147,"date":"2024-08-15T14:02:55","date_gmt":"2024-08-15T12:02:55","guid":{"rendered":"https:\/\/thetahealing-bruxelles.be\/?page_id=147"},"modified":"2026-03-23T01:45:24","modified_gmt":"2026-03-23T00:45:24","slug":"thetahealing-a-bruxelles-et-en-belgique","status":"publish","type":"page","link":"https:\/\/thetahealing-bruxelles.be\/","title":{"rendered":"ThetaHealing \u00e0 Bruxelles et en Belgique"},"content":{"rendered":"<div class=\"yoast-breadcrumbs\"><span><span><a href=\"https:\/\/thetahealing-bruxelles.be\/\">Accueil<\/a><\/span> \u00bb <span class=\"breadcrumb_last\" aria-current=\"page\">ThetaHealing \u00e0 Bruxelles et en Belgique<\/span><\/span><\/div>\n\n\n<h2 class=\"wp-block-heading\">D\u00e9passez vos croyances limitantes<\/h2>\n\n\n<div class=\"n2_clear\"><ss3-force-full-width data-overflow-x=\"body\" data-horizontal-selector=\"body\"><div class=\"n2-section-smartslider fitvidsignore  n2_clear\" data-ssid=\"3\"><div id=\"n2-ss-3-align\" class=\"n2-ss-align\"><div class=\"n2-padding\"><div id=\"n2-ss-3\" data-creator=\"Smart Slider 3\" data-responsive=\"fullwidth\" class=\"n2-ss-slider n2-ow n2-has-hover n2notransition  \">\n\n\n\n\n\n\n\n<div class=\"n2-ss-slider-wrapper-inside\">\n        <div class=\"n2-ss-slider-1 n2_ss__touch_element n2-ow\">\n            <div class=\"n2-ss-slider-2 n2-ow\">\n                                                <div class=\"n2-ss-slider-3 n2-ow\">\n\n                    <div class=\"n2-ss-slide-backgrounds n2-ow-all\"><div class=\"n2-ss-slide-background\" data-public-id=\"1\" data-mode=\"fill\"><div class=\"n2-ss-slide-background-image\" data-blur=\"0\" data-opacity=\"100\" data-x=\"47\" data-y=\"32\" data-alt=\"Antoine NICOOLAS ThetaHealing Bruxelles\" data-title=\"\" style=\"--ss-o-pos-x:47%;--ss-o-pos-y:32%\"><picture class=\"skip-lazy\" data-skip-lazy=\"1\"><img decoding=\"async\" src=\"\/\/thetahealing-bruxelles.be\/wp-content\/uploads\/2024\/07\/photo-A-NICOLAS.jpg\" alt=\"Antoine NICOOLAS ThetaHealing Bruxelles\" title=\"\" loading=\"lazy\" class=\"skip-lazy\" data-skip-lazy=\"1\"><\/picture><\/div><div data-color=\"RGBA(255,255,255,0)\" style=\"background-color: RGBA(255,255,255,0);\" class=\"n2-ss-slide-background-color\"><\/div><\/div><div class=\"n2-ss-slide-background\" data-public-id=\"2\" data-mode=\"fill\" aria-hidden=\"true\"><div class=\"n2-ss-slide-background-image\" data-blur=\"0\" data-opacity=\"100\" data-x=\"50\" data-y=\"50\" data-alt=\"Sania Daoudi\nThetaHealing\" data-title=\"\"><picture class=\"skip-lazy\" data-skip-lazy=\"1\"><img decoding=\"async\" src=\"\/\/thetahealing-bruxelles.be\/wp-content\/uploads\/2024\/07\/Sania-Daoudi.jpg\" alt=\"Sania Daoudi\nThetaHealing\" title=\"\" loading=\"lazy\" class=\"skip-lazy\" data-skip-lazy=\"1\"><\/picture><\/div><div data-color=\"RGBA(255,255,255,0)\" style=\"background-color: RGBA(255,255,255,0);\" class=\"n2-ss-slide-background-color\"><\/div><\/div><\/div>                    <div class=\"n2-ss-slider-4 n2-ow\">\n                        <svg xmlns=\"http:\/\/www.w3.org\/2000\/svg\" viewBox=\"0 0 1200 450\" data-related-device=\"desktopPortrait\" class=\"n2-ow n2-ss-preserve-size n2-ss-preserve-size--slider n2-ss-slide-limiter\"><\/svg><div data-first=\"1\" data-slide-duration=\"0\" data-id=\"9\" data-slide-public-id=\"1\" data-title=\"photo-A-NICOLAS\" class=\"n2-ss-slide n2-ow  n2-ss-slide-9\"><div role=\"note\" class=\"n2-ss-slide--focus\" tabindex=\"-1\">photo-A-NICOLAS<\/div><div class=\"n2-ss-layers-container n2-ss-slide-limiter n2-ow\"><div class=\"n2-ss-layer n2-ow n-uc-7FngL33df9IJ\" data-sstype=\"slide\" data-pm=\"default\"><div class=\"n2-ss-layer n2-ow n-uc-69SemUH1ARQr\" data-pm=\"default\" data-sstype=\"content\" data-hasbackground=\"0\"><div class=\"n2-ss-section-main-content n2-ss-layer-with-background n2-ss-layer-content n2-ow n-uc-69SemUH1ARQr-inner\"><div class=\"n2-ss-layer n2-ow n-uc-YQLA19He26Ir\" data-pm=\"normal\" data-sstype=\"layer\"><h2 id=\"n2-ss-3item1\" class=\"n2-font-484adb940975da786b86465bf7a7355a-hover   n2-ss-item-content n2-ss-text n2-ow\" style=\"display:block;\">Antoine NICOLAS<\/h2><\/div><div class=\"n2-ss-layer n2-ow n-uc-xWxMGQJMZBco\" data-pm=\"normal\" data-sstype=\"layer\"><\/div><div class=\"n2-ss-layer n2-ow n2-ss-layer--block n2-ss-has-self-align n-uc-15cb1a23c4e00\" data-pm=\"normal\" data-sstype=\"row\"><div class=\"n2-ss-layer-row n2-ss-layer-with-background n-uc-15cb1a23c4e00-inner\"><div class=\"n2-ss-layer-row-inner \"><div class=\"n2-ss-layer n2-ow n-uc-11698395a1aff\" data-pm=\"default\" data-sstype=\"col\"><div class=\"n2-ss-layer-col n2-ss-layer-with-background n2-ss-layer-content n-uc-11698395a1aff-inner\"><div class=\"n2-ss-layer n2-ow n-uc-CmMw0B4sgM3P\" data-pm=\"normal\" data-sstype=\"layer\"><div class=\"n2-ss-item-content n2-ss-text n2-ow-all\"><div class=\"\"><p class=\"n2-font-2132fe8c42b862613c6b74d8289040be-paragraph   \"><b>Forest<br \/>\nSaint-Gilles<br \/>\nWatermael-Boitsfort<br \/>\nPr\u00e9sentiel ou visio<\/b><\/p>\n<\/div><\/div><\/div><\/div><\/div><div class=\"n2-ss-layer n2-ow n-uc-1540eba2693c0\" data-pm=\"default\" data-sstype=\"col\"><div class=\"n2-ss-layer-col n2-ss-layer-with-background n2-ss-layer-content n-uc-1540eba2693c0-inner\"><div class=\"n2-ss-layer n2-ow n-uc-ZmwjMMO3HRMC\" data-pm=\"normal\" data-sstype=\"layer\"><div class=\"n2-ss-item-content n2-ss-text n2-ow-all\"><div class=\"\"><p class=\"n2-font-2132fe8c42b862613c6b74d8289040be-paragraph   \"><b><br \/>\nThetaHealing<br \/>\nHypnose<br \/>\nEMDR<br \/>\nMagn\u00e9tisme<br \/>\n<\/b><\/p>\n<\/div><\/div><\/div><\/div><\/div><\/div><\/div><\/div><div class=\"n2-ss-layer n2-ow n-uc-NxbiENDqekIg n2-ss-layer--auto\" data-pm=\"normal\" data-sstype=\"layer\"><div class=\"n2-ss-button-container n2-ss-item-content n2-ow n2-font-176464dee0eea5b1ac11b21dab9b24d2-link  n2-ss-nowrap n2-ss-button-container--non-full-width\"><a class=\"n2-style-fd38549eee9ab23b7211fa4859786f10-heading  n2-ow \" href=\"https:\/\/thetahealing-bruxelles.be\/index.php\/antoine-nicolas-thetahealing\/\"><div><div>DECOUVRIR<\/div><\/div><\/a><\/div><\/div><\/div><\/div><\/div><\/div><\/div><div data-slide-duration=\"0\" data-id=\"10\" data-slide-public-id=\"2\" aria-hidden=\"true\" data-title=\"Sania-Daoudi\" class=\"n2-ss-slide n2-ow  n2-ss-slide-10\"><div role=\"note\" class=\"n2-ss-slide--focus\" tabindex=\"-1\">Sania-Daoudi<\/div><div class=\"n2-ss-layers-container n2-ss-slide-limiter n2-ow\"><div class=\"n2-ss-layer n2-ow n-uc-JqSL1TKvFb9I\" data-sstype=\"slide\" data-pm=\"default\"><div class=\"n2-ss-layer n2-ow n-uc-5fAYNUKpgEii\" data-pm=\"default\" data-sstype=\"content\" data-hasbackground=\"0\"><div class=\"n2-ss-section-main-content n2-ss-layer-with-background n2-ss-layer-content n2-ow n-uc-5fAYNUKpgEii-inner\"><div class=\"n2-ss-layer n2-ow n-uc-J4spAEmzfCBt\" data-pm=\"normal\" data-sstype=\"layer\"><h2 id=\"n2-ss-3item6\" class=\"n2-font-484adb940975da786b86465bf7a7355a-hover   n2-ss-item-content n2-ss-text n2-ow\" style=\"display:block;\">Sania DAOUDI<\/h2><\/div><div class=\"n2-ss-layer n2-ow n2-ss-layer--block n2-ss-has-self-align n-uc-18021ed624e67\" data-pm=\"normal\" data-sstype=\"row\"><div class=\"n2-ss-layer-row n2-ss-layer-with-background n-uc-18021ed624e67-inner\"><div class=\"n2-ss-layer-row-inner \"><div class=\"n2-ss-layer n2-ow n-uc-1c901e2a8a3e5\" data-pm=\"default\" data-sstype=\"col\"><div class=\"n2-ss-layer-col n2-ss-layer-with-background n2-ss-layer-content n-uc-1c901e2a8a3e5-inner\"><div class=\"n2-ss-layer n2-ow n-uc-JIdfMURRQPQq\" data-pm=\"normal\" data-sstype=\"layer\"><div class=\"n2-ss-item-content n2-ss-text n2-ow-all\"><div class=\"\"><p class=\"n2-font-2132fe8c42b862613c6b74d8289040be-paragraph   \"><b>Watermael-Boitsfort<br \/>\nForest<br \/>\nSaint-Gilles<br \/>\nPr\u00e9sentiel ou visio<\/b><\/p>\n<\/div><\/div><\/div><\/div><\/div><div class=\"n2-ss-layer n2-ow n-uc-1f80724a7e812\" data-pm=\"default\" data-sstype=\"col\"><div class=\"n2-ss-layer-col n2-ss-layer-with-background n2-ss-layer-content n-uc-1f80724a7e812-inner\"><div class=\"n2-ss-layer n2-ow n-uc-LxIt81mIet1Z\" data-pm=\"normal\" data-sstype=\"layer\"><div class=\"n2-ss-item-content n2-ss-text n2-ow-all\"><div class=\"\"><p class=\"n2-font-2132fe8c42b862613c6b74d8289040be-paragraph   \"><b>ThetaHealing<br \/>\nSoins chamaniques<br \/>\nC\u00e9r\u00e9monies de chants sacr\u00e9s<br \/>\nTente rouge<\/b><\/p>\n<\/div><\/div><\/div><\/div><\/div><\/div><\/div><\/div><div class=\"n2-ss-layer n2-ow n-uc-zsEFWbYPj1qc n2-ss-layer--auto\" data-pm=\"normal\" data-sstype=\"layer\"><div class=\"n2-ss-button-container n2-ss-item-content n2-ow n2-font-176464dee0eea5b1ac11b21dab9b24d2-link  n2-ss-nowrap n2-ss-button-container--non-full-width\"><a class=\"n2-style-fd38549eee9ab23b7211fa4859786f10-heading  n2-ow \" href=\"https:\/\/thetahealing-bruxelles.be\/index.php\/sania-daoudi-thetahealing\/\"><div><div>DECOUVRIR<\/div><\/div><\/a><\/div><\/div><\/div><\/div><\/div><\/div><\/div>                    <\/div>\n\n                                    <\/div>\n            <\/div>\n        <\/div>\n        <div class=\"n2-ss-slider-controls n2-ss-slider-controls-absolute-left-center\"><div style=\"--widget-offset:15px;\" class=\"n2-ss-widget n2-style-107cb0e4b96e295f0c4852cfc0854d07-heading nextend-arrow n2-ow-all nextend-arrow-previous  nextend-arrow-animated-fade\" data-hide-mobileportrait=\"1\" id=\"n2-ss-3-arrow-previous\" role=\"button\" aria-label=\"previous arrow\" tabindex=\"0\"><img decoding=\"async\" width=\"32\" height=\"32\" class=\"skip-lazy\" data-skip-lazy=\"1\" src=\"data:image\/svg+xml;base64,PHN2ZyB4bWxucz0iaHR0cDovL3d3dy53My5vcmcvMjAwMC9zdmciIHdpZHRoPSIzMiIgaGVpZ2h0PSIzMiIgdmlld0JveD0iMCAwIDMyIDMyIj4KICAgIDxwYXRoIGZpbGw9IiNmZmZmZmYiIG9wYWNpdHk9IjAuOCIgZmlsbC1ydWxlPSJldmVub2RkIgogICAgICAgICAgZD0iTTE4Ljk5NTggOC45OTA3YzAtLjQyNC0uMjA0LS43MjMtLjYxLS44OTgtLjQwOS0uMTczLS43NzItLjEwNC0xLjA5My4yMDlsLTcuMDA2IDYuOTc1Yy0uMjAxLjE5OS0uMjk3LjQzNy0uMjg2LjcxNiAwIC4yNjcuMDk2LjQ5OC4yODYuNjg5bDcuMDA2IDcuMDAxYy4zMjEuMzIxLjY4NC4zODkgMS4wOTMuMjA5LjQwNi0uMTc0LjYxLS40ODIuNjEtLjkyMlY4Ljk5MDd6Ii8+Cjwvc3ZnPg==\" alt=\"previous arrow\"><\/div><\/div><div class=\"n2-ss-slider-controls n2-ss-slider-controls-absolute-right-center\"><div style=\"--widget-offset:15px;\" class=\"n2-ss-widget n2-style-107cb0e4b96e295f0c4852cfc0854d07-heading nextend-arrow n2-ow-all nextend-arrow-next  nextend-arrow-animated-fade\" data-hide-mobileportrait=\"1\" id=\"n2-ss-3-arrow-next\" role=\"button\" aria-label=\"next arrow\" tabindex=\"0\"><img decoding=\"async\" width=\"32\" height=\"32\" class=\"skip-lazy\" data-skip-lazy=\"1\" src=\"data:image\/svg+xml;base64,PHN2ZyB3aWR0aD0iMzIiIGhlaWdodD0iMzIiIHZpZXdCb3g9IjAgMCAzMiAzMiIgeG1sbnM9Imh0dHA6Ly93d3cudzMub3JnLzIwMDAvc3ZnIj4KICAgIDxwYXRoIGQ9Ik0xMiA4Ljk5YzAtLjQyMy4yMDQtLjcyMi42MS0uODk3LjQwOC0uMTczLjc3Mi0uMTA0IDEuMDkyLjIxbDcuMDA2IDYuOTc0Yy4yMDIuMi4yOTguNDM3LjI4Ny43MTYgMCAuMjY3LS4wOTYuNDk4LS4yODcuNjlsLTcuMDA2IDdjLS4zMi4zMi0uNjg0LjM5LTEuMDkyLjIxLS40MDYtLjE3NS0uNjEtLjQ4My0uNjEtLjkyM1Y4Ljk5eiIKICAgICAgICAgIGZpbGw9IiNmZmZmZmYiIG9wYWNpdHk9IjAuOCIgZmlsbC1ydWxlPSJldmVub2RkIi8+Cjwvc3ZnPg==\" alt=\"next arrow\"><\/div><\/div><div class=\"n2-ss-slider-controls n2-ss-slider-controls-absolute-center-bottom\"><div style=\"--widget-offset:10px;\" class=\"n2-ss-widget n2-ss-control-bullet n2-ow-all n2-ss-control-bullet-horizontal\"><div class=\" nextend-bullet-bar n2-bar-justify-content-center\" role=\"group\" aria-label=\"Choose slide to display.\"><div class=\"n2-bullet n2-style-fb95fedf3b53d6ebb91b5420571bb6c1-dot \" style=\"visibility:hidden;\"><\/div><\/div><\/div><\/div><\/div><\/div><ss3-loader><\/ss3-loader><\/div><\/div><div class=\"n2_clear\"><\/div><\/div><\/ss3-force-full-width><\/div>\n\n\n<div style=\"height:42px\" aria-hidden=\"true\" class=\"wp-block-spacer\"><\/div>\n\n\n\n<p>Bienvenue sur notre site d\u00e9di\u00e9 au <strong>ThetaHealing \u00e0 Bruxelles et en Belgique<\/strong>. Si vous recherchez une m\u00e9thode puissante pour am\u00e9liorer votre bien-\u00eatre et d\u00e9bloquer votre potentiel int\u00e9rieur, vous \u00eates au bon endroit. <\/p>\n\n\n\n<div style=\"height:25px\" aria-hidden=\"true\" class=\"wp-block-spacer\"><\/div>\n\n\n\n<h2 class=\"wp-block-heading\">A quoi sert le ThetaHealing ?<\/h2>\n\n\n\n<p>Cette m\u00e9thode offre de nombreux avantages, notamment :<\/p>\n\n\n\n<ul class=\"wp-block-list\">\n<li><strong>R\u00e9duction du stress et de l&rsquo;anxi\u00e9t\u00e9<\/strong> : en travaillant sur les croyances profondes, le thetaHealing aide \u00e0 apaiser l&rsquo;esprit et \u00e0 diminuer les tensions.<\/li>\n\n\n\n<li><strong>Am\u00e9lioration de la sant\u00e9 physique<\/strong> : en lib\u00e9rant les blocages \u00e9nerg\u00e9tiques, le corps peut retrouver son \u00e9quilibre naturel et favoriser la gu\u00e9rison.<\/li>\n\n\n\n<li><strong>D\u00e9veloppement personnel<\/strong> : en changeant les croyances limitantes, vous pouvez atteindre vos objectifs de vie plus facilement et avec plus de confiance.<\/li>\n\n\n\n<li><strong>\u00c9quilibre \u00e9motionnel<\/strong> : cette technique favorise un \u00e9quilibre \u00e9motionnel durable, am\u00e9liorant votre qualit\u00e9 de vie globale.<\/li>\n\n\n\n<li><strong>Connexion spirituelle<\/strong> : cette pratique permet d&rsquo;approfondir votre connexion avec vous-m\u00eame et avec l&rsquo;univers.<\/li>\n<\/ul>\n\n\n\n<h1 class=\"wp-block-heading\">Le ThetaHealing c&rsquo;est quoi ?<\/h1>\n\n\n\n<p>Le ThetaHealing est une technique de m\u00e9ditation et de gu\u00e9rison spirituelle qui utilise les ondes c\u00e9r\u00e9brales theta pour identifier et transformer les croyances limitantes, les peurs profondes et les blocages \u00e9motionnels. En acc\u00e9dant \u00e0 cet \u00e9tat de conscience profonde, nous pouvons lib\u00e9rer des sch\u00e9mas n\u00e9gatifs et favoriser un bien-\u00eatre global.<\/p>\n\n\n\n<h2 class=\"wp-block-heading\">Nos th\u00e9rapeutes \u00e0 Bruxelles et en Belgique<\/h2>\n\n\n\n<p>Nous avons rassembl\u00e9 une communaut\u00e9 de th\u00e9rapeutes expert.e.s en ThetaHealing \u00e0 Bruxelles et dans toute la Belgique. Chacun.e de nos praticien.ne.s est certifi\u00e9.e et poss\u00e8de une exp\u00e9rience significative pour vous guider dans votre parcours de gu\u00e9rison et de d\u00e9veloppement personnel.<\/p>\n\n\n\n<p><strong>Contactez-nos th\u00e9rapeutes d\u00e8s maintenant<\/strong> pour d\u00e9couvrir comment nous pouvons vous aider \u00e0 atteindre vos objectifs de bien-\u00eatre et de d\u00e9veloppement personnel.<\/p>\n\n\n\n<p>Explorez le monde du ThetaHealing avec nous et d\u00e9couvrez comment cette m\u00e9thode peut transformer votre vie. Commencez d\u00e8s aujourd&rsquo;hui votre voyage vers une vie meilleure et plus \u00e9panouie avec le ThetaHealing \u00e0 Bruxelles et en Belgique. Nous sommes l\u00e0 pour vous accompagner \u00e0 chaque \u00e9tape.<\/p>\n","protected":false},"excerpt":{"rendered":"<p>D\u00e9passez vos croyances limitantes Bienvenue sur notre site d\u00e9di\u00e9 au ThetaHealing \u00e0 Bruxelles et en Belgique. Si vous recherchez une m\u00e9thode puissante pour am\u00e9liorer votre bien-\u00eatre et d\u00e9bloquer votre potentiel int\u00e9rieur, vous \u00eates au bon endroit. A quoi sert le ThetaHealing ? Cette m\u00e9thode offre de nombreux avantages, notamment : Le ThetaHealing c&rsquo;est quoi ? Le ThetaHealing est une technique de m\u00e9ditation et de gu\u00e9rison spirituelle qui utilise les ondes c\u00e9r\u00e9brales theta pour identifier et transformer les croyances limitantes, les peurs profondes et les blocages \u00e9motionnels. En acc\u00e9dant \u00e0 cet \u00e9tat de conscience profonde, nous pouvons lib\u00e9rer des sch\u00e9mas n\u00e9gatifs et favoriser un bien-\u00eatre global. Nos th\u00e9rapeutes \u00e0 Bruxelles et en Belgique Nous avons rassembl\u00e9 une communaut\u00e9 de th\u00e9rapeutes expert.e.s en ThetaHealing \u00e0 Bruxelles et dans toute la Belgique. Chacun.e de nos praticien.ne.s est certifi\u00e9.e et poss\u00e8de une exp\u00e9rience significative pour vous guider dans votre parcours de gu\u00e9rison et de d\u00e9veloppement personnel. Contactez-nos th\u00e9rapeutes d\u00e8s maintenant pour d\u00e9couvrir comment nous pouvons vous aider \u00e0 atteindre vos objectifs de bien-\u00eatre et de d\u00e9veloppement personnel. Explorez le monde du ThetaHealing avec nous et d\u00e9couvrez comment cette m\u00e9thode peut transformer votre vie. Commencez d\u00e8s aujourd&rsquo;hui votre voyage vers une vie meilleure et plus \u00e9panouie avec le ThetaHealing \u00e0 Bruxelles et en Belgique. Nous sommes l\u00e0 pour vous accompagner \u00e0 chaque \u00e9tape.<\/p>\n","protected":false},"author":1,"featured_media":0,"parent":0,"menu_order":0,"comment_status":"closed","ping_status":"closed","template":"","meta":{"footnotes":""},"class_list":["post-147","page","type-page","status-publish","hentry"],"yoast_head":"<!-- This site is optimized with the Yoast SEO plugin v27.3 - https:\/\/yoast.com\/product\/yoast-seo-wordpress\/ -->\n<title>ThetaHealing \u00e0 Bruxelles et en Belgique - ThetaHealing-Bruxelles<\/title>\n<meta name=\"description\" content=\"Le thetaHealing est une m\u00e9thode puissante pour am\u00e9liorer votre bien-\u00eatre et d\u00e9bloquer votre potentiel int\u00e9rieur\" \/>\n<meta name=\"robots\" content=\"index, follow, max-snippet:-1, max-image-preview:large, max-video-preview:-1\" \/>\n<link rel=\"canonical\" href=\"https:\/\/thetahealing-bruxelles.be\/\" \/>\n<meta property=\"og:locale\" content=\"fr_FR\" \/>\n<meta property=\"og:type\" content=\"article\" \/>\n<meta property=\"og:title\" content=\"ThetaHealing \u00e0 Bruxelles et en Belgique - ThetaHealing-Bruxelles\" \/>\n<meta property=\"og:description\" content=\"Le thetaHealing est une m\u00e9thode puissante pour am\u00e9liorer votre bien-\u00eatre et d\u00e9bloquer votre potentiel int\u00e9rieur\" \/>\n<meta property=\"og:url\" content=\"https:\/\/thetahealing-bruxelles.be\/\" \/>\n<meta property=\"og:site_name\" content=\"ThetaHealing-Bruxelles\" \/>\n<meta property=\"article:modified_time\" content=\"2026-03-23T00:45:24+00:00\" \/>\n<meta name=\"twitter:card\" content=\"summary_large_image\" \/>\n<meta name=\"twitter:label1\" content=\"Dur\u00e9e de lecture estim\u00e9e\" \/>\n\t<meta name=\"twitter:data1\" content=\"2 minutes\" \/>\n<script type=\"application\/ld+json\" class=\"yoast-schema-graph\">{\"@context\":\"https:\\\/\\\/schema.org\",\"@graph\":[{\"@type\":\"WebPage\",\"@id\":\"https:\\\/\\\/thetahealing-bruxelles.be\\\/\",\"url\":\"https:\\\/\\\/thetahealing-bruxelles.be\\\/\",\"name\":\"ThetaHealing \u00e0 Bruxelles et en Belgique - ThetaHealing-Bruxelles\",\"isPartOf\":{\"@id\":\"https:\\\/\\\/thetahealing-bruxelles.be\\\/#website\"},\"datePublished\":\"2024-08-15T12:02:55+00:00\",\"dateModified\":\"2026-03-23T00:45:24+00:00\",\"description\":\"Le thetaHealing est une m\u00e9thode puissante pour am\u00e9liorer votre bien-\u00eatre et d\u00e9bloquer votre potentiel int\u00e9rieur\",\"breadcrumb\":{\"@id\":\"https:\\\/\\\/thetahealing-bruxelles.be\\\/#breadcrumb\"},\"inLanguage\":\"fr-FR\",\"potentialAction\":[{\"@type\":\"ReadAction\",\"target\":[\"https:\\\/\\\/thetahealing-bruxelles.be\\\/\"]}]},{\"@type\":\"BreadcrumbList\",\"@id\":\"https:\\\/\\\/thetahealing-bruxelles.be\\\/#breadcrumb\",\"itemListElement\":[{\"@type\":\"ListItem\",\"position\":1,\"name\":\"Accueil\",\"item\":\"https:\\\/\\\/thetahealing-bruxelles.be\\\/\"},{\"@type\":\"ListItem\",\"position\":2,\"name\":\"ThetaHealing \u00e0 Bruxelles et en Belgique\"}]},{\"@type\":\"WebSite\",\"@id\":\"https:\\\/\\\/thetahealing-bruxelles.be\\\/#website\",\"url\":\"https:\\\/\\\/thetahealing-bruxelles.be\\\/\",\"name\":\"ThetaHealing-Bruxelles\",\"description\":\"D\u00e9passez vos croyances limitantes !\",\"potentialAction\":[{\"@type\":\"SearchAction\",\"target\":{\"@type\":\"EntryPoint\",\"urlTemplate\":\"https:\\\/\\\/thetahealing-bruxelles.be\\\/?s={search_term_string}\"},\"query-input\":{\"@type\":\"PropertyValueSpecification\",\"valueRequired\":true,\"valueName\":\"search_term_string\"}}],\"inLanguage\":\"fr-FR\"}]}<\/script>\n<!-- \/ Yoast SEO plugin. -->","yoast_head_json":{"title":"ThetaHealing \u00e0 Bruxelles et en Belgique - ThetaHealing-Bruxelles","description":"Le thetaHealing est une m\u00e9thode puissante pour am\u00e9liorer votre bien-\u00eatre et d\u00e9bloquer votre potentiel int\u00e9rieur","robots":{"index":"index","follow":"follow","max-snippet":"max-snippet:-1","max-image-preview":"max-image-preview:large","max-video-preview":"max-video-preview:-1"},"canonical":"https:\/\/thetahealing-bruxelles.be\/","og_locale":"fr_FR","og_type":"article","og_title":"ThetaHealing \u00e0 Bruxelles et en Belgique - ThetaHealing-Bruxelles","og_description":"Le thetaHealing est une m\u00e9thode puissante pour am\u00e9liorer votre bien-\u00eatre et d\u00e9bloquer votre potentiel int\u00e9rieur","og_url":"https:\/\/thetahealing-bruxelles.be\/","og_site_name":"ThetaHealing-Bruxelles","article_modified_time":"2026-03-23T00:45:24+00:00","twitter_card":"summary_large_image","twitter_misc":{"Dur\u00e9e de lecture estim\u00e9e":"2 minutes"},"schema":{"@context":"https:\/\/schema.org","@graph":[{"@type":"WebPage","@id":"https:\/\/thetahealing-bruxelles.be\/","url":"https:\/\/thetahealing-bruxelles.be\/","name":"ThetaHealing \u00e0 Bruxelles et en Belgique - ThetaHealing-Bruxelles","isPartOf":{"@id":"https:\/\/thetahealing-bruxelles.be\/#website"},"datePublished":"2024-08-15T12:02:55+00:00","dateModified":"2026-03-23T00:45:24+00:00","description":"Le thetaHealing est une m\u00e9thode puissante pour am\u00e9liorer votre bien-\u00eatre et d\u00e9bloquer votre potentiel int\u00e9rieur","breadcrumb":{"@id":"https:\/\/thetahealing-bruxelles.be\/#breadcrumb"},"inLanguage":"fr-FR","potentialAction":[{"@type":"ReadAction","target":["https:\/\/thetahealing-bruxelles.be\/"]}]},{"@type":"BreadcrumbList","@id":"https:\/\/thetahealing-bruxelles.be\/#breadcrumb","itemListElement":[{"@type":"ListItem","position":1,"name":"Accueil","item":"https:\/\/thetahealing-bruxelles.be\/"},{"@type":"ListItem","position":2,"name":"ThetaHealing \u00e0 Bruxelles et en Belgique"}]},{"@type":"WebSite","@id":"https:\/\/thetahealing-bruxelles.be\/#website","url":"https:\/\/thetahealing-bruxelles.be\/","name":"ThetaHealing-Bruxelles","description":"D\u00e9passez vos croyances limitantes !","potentialAction":[{"@type":"SearchAction","target":{"@type":"EntryPoint","urlTemplate":"https:\/\/thetahealing-bruxelles.be\/?s={search_term_string}"},"query-input":{"@type":"PropertyValueSpecification","valueRequired":true,"valueName":"search_term_string"}}],"inLanguage":"fr-FR"}]}},"acf":[],"_links":{"self":[{"href":"https:\/\/thetahealing-bruxelles.be\/index.php\/wp-json\/wp\/v2\/pages\/147","targetHints":{"allow":["GET"]}}],"collection":[{"href":"https:\/\/thetahealing-bruxelles.be\/index.php\/wp-json\/wp\/v2\/pages"}],"about":[{"href":"https:\/\/thetahealing-bruxelles.be\/index.php\/wp-json\/wp\/v2\/types\/page"}],"author":[{"embeddable":true,"href":"https:\/\/thetahealing-bruxelles.be\/index.php\/wp-json\/wp\/v2\/users\/1"}],"replies":[{"embeddable":true,"href":"https:\/\/thetahealing-bruxelles.be\/index.php\/wp-json\/wp\/v2\/comments?post=147"}],"version-history":[{"count":11,"href":"https:\/\/thetahealing-bruxelles.be\/index.php\/wp-json\/wp\/v2\/pages\/147\/revisions"}],"predecessor-version":[{"id":236,"href":"https:\/\/thetahealing-bruxelles.be\/index.php\/wp-json\/wp\/v2\/pages\/147\/revisions\/236"}],"wp:attachment":[{"href":"https:\/\/thetahealing-bruxelles.be\/index.php\/wp-json\/wp\/v2\/media?parent=147"}],"curies":[{"name":"wp","href":"https:\/\/api.w.org\/{rel}","templated":true}]}}