{"id":15,"date":"2024-07-08T20:00:05","date_gmt":"2024-07-08T18:00:05","guid":{"rendered":"https:\/\/thetahealing-bruxelles.be\/?page_id=15"},"modified":"2026-03-23T01:19:16","modified_gmt":"2026-03-23T00:19:16","slug":"contact","status":"publish","type":"page","link":"https:\/\/thetahealing-bruxelles.be\/index.php\/contact\/","title":{"rendered":"Contact"},"content":{"rendered":"<div class=\"yoast-breadcrumbs\"><span><span><a href=\"https:\/\/thetahealing-bruxelles.be\/\">Accueil<\/a><\/span> \u00bb <span class=\"breadcrumb_last\" aria-current=\"page\">Contact<\/span><\/span><\/div>\n\n\n<h1 class=\"wp-block-heading\">Contactez-nous<\/h1>\n\n\n<div class=\"wp-block-image\">\n<figure class=\"alignleft size-large is-resized\"><img fetchpriority=\"high\" decoding=\"async\" width=\"1024\" height=\"713\" src=\"https:\/\/thetahealing-bruxelles.be\/wp-content\/uploads\/2024\/07\/IMG_20240709_023840-1024x713.png\" alt=\"Contact thetahealing\" class=\"wp-image-106\" style=\"object-fit:cover;width:1000px;height:400px\" srcset=\"https:\/\/thetahealing-bruxelles.be\/wp-content\/uploads\/2024\/07\/IMG_20240709_023840-1024x713.png 1024w, https:\/\/thetahealing-bruxelles.be\/wp-content\/uploads\/2024\/07\/IMG_20240709_023840-300x209.png 300w, https:\/\/thetahealing-bruxelles.be\/wp-content\/uploads\/2024\/07\/IMG_20240709_023840-768x535.png 768w, https:\/\/thetahealing-bruxelles.be\/wp-content\/uploads\/2024\/07\/IMG_20240709_023840-1536x1070.png 1536w, https:\/\/thetahealing-bruxelles.be\/wp-content\/uploads\/2024\/07\/IMG_20240709_023840-2048x1426.png 2048w, https:\/\/thetahealing-bruxelles.be\/wp-content\/uploads\/2024\/07\/IMG_20240709_023840-1140x794.png 1140w\" sizes=\"(max-width: 1024px) 100vw, 1024px\" \/><\/figure>\n<\/div>\n\n\n<div style=\"height:34px\" aria-hidden=\"true\" class=\"wp-block-spacer\"><\/div>\n\n\n\n<p>Vous avez une question, une envie de discuter ThetaHealing ou simplement besoin de conseils \u00e9nerg\u00e9tiques ? Laissez-nous un message ci-dessous ! Promis, nous vous r\u00e9pondrons plus vite que l&rsquo;\u00e9clair (ou presque) ! Votre bien-\u00eatre nous tient \u00e0 c\u0153ur, et un petit mot de vous illumine notre journ\u00e9e. \ud83d\ude0a<\/p>\n\n\n<style id=\"wpforms-css-vars-134-block-c2ad05c8-bcc8-49aa-a4d1-895baa84e586\">\n\t\t\t\t#wpforms-134.wpforms-block-c2ad05c8-bcc8-49aa-a4d1-895baa84e586 {\n\t\t\t\t--wpforms-field-size-input-height: 43px;\n--wpforms-field-size-input-spacing: 15px;\n--wpforms-field-size-font-size: 16px;\n--wpforms-field-size-line-height: 19px;\n--wpforms-field-size-padding-h: 14px;\n--wpforms-field-size-checkbox-size: 16px;\n--wpforms-field-size-sublabel-spacing: 5px;\n--wpforms-field-size-icon-size: 1;\n--wpforms-label-size-font-size: 16px;\n--wpforms-label-size-line-height: 19px;\n--wpforms-label-size-sublabel-font-size: 14px;\n--wpforms-label-size-sublabel-line-height: 17px;\n--wpforms-button-size-font-size: 17px;\n--wpforms-button-size-height: 41px;\n--wpforms-button-size-padding-h: 15px;\n--wpforms-button-size-margin-top: 10px;\n\t\t\t}\n\t\t\t<\/style><div class=\"wpforms-container wpforms-container-full wpforms-block wpforms-block-c2ad05c8-bcc8-49aa-a4d1-895baa84e586 wpforms-render-modern\" id=\"wpforms-134\"><form id=\"wpforms-form-134\" class=\"wpforms-validate wpforms-form wpforms-ajax-form\" data-formid=\"134\" method=\"post\" enctype=\"multipart\/form-data\" action=\"\/index.php\/wp-json\/wp\/v2\/pages\/15\" data-token=\"f6a9a0a3f9006f30455253fb0efbaaad\" data-token-time=\"1775771288\"><noscript class=\"wpforms-error-noscript\">Veuillez activer JavaScript dans votre navigateur pour remplir ce formulaire.<\/noscript><div id=\"wpforms-error-noscript\" style=\"display: none;\">Veuillez activer JavaScript dans votre navigateur pour remplir ce formulaire.<\/div><div class=\"wpforms-field-container\"><div id=\"wpforms-134-field_0-container\" class=\"wpforms-field wpforms-field-name\" data-field-id=\"0\"><fieldset><legend class=\"wpforms-field-label\">Nom <span class=\"wpforms-required-label\" aria-hidden=\"true\">*<\/span><\/legend><div class=\"wpforms-field-row wpforms-field-medium\"><div class=\"wpforms-field-row-block wpforms-first wpforms-one-half\"><input type=\"text\" id=\"wpforms-134-field_0\" class=\"wpforms-field-name-first wpforms-field-required\" name=\"wpforms[fields][0][first]\" aria-errormessage=\"wpforms-134-field_0-error\" required><label for=\"wpforms-134-field_0\" class=\"wpforms-field-sublabel after\">Pr\u00e9nom<\/label><\/div><div class=\"wpforms-field-row-block wpforms-one-half\"><input type=\"text\" id=\"wpforms-134-field_0-last\" class=\"wpforms-field-name-last wpforms-field-required\" name=\"wpforms[fields][0][last]\" aria-errormessage=\"wpforms-134-field_0-last-error\" required><label for=\"wpforms-134-field_0-last\" class=\"wpforms-field-sublabel after\">Nom<\/label><\/div><\/div><\/fieldset><\/div><div id=\"wpforms-134-field_1-container\" class=\"wpforms-field wpforms-field-email\" data-field-id=\"1\"><label class=\"wpforms-field-label\" for=\"wpforms-134-field_1\">E-mail <span class=\"wpforms-required-label\" aria-hidden=\"true\">*<\/span><\/label><input type=\"email\" id=\"wpforms-134-field_1\" class=\"wpforms-field-medium wpforms-field-required\" name=\"wpforms[fields][1]\" spellcheck=\"false\" aria-errormessage=\"wpforms-134-field_1-error\" required><\/div><div id=\"wpforms-134-field_3-container\" class=\"wpforms-field wpforms-field-text\" data-field-id=\"3\"><label class=\"wpforms-field-label\" for=\"wpforms-134-field_3\">T\u00e9l\u00e9phone<\/label><input type=\"text\" id=\"wpforms-134-field_3\" class=\"wpforms-field-medium\" name=\"wpforms[fields][3]\" aria-errormessage=\"wpforms-134-field_3-error\" ><\/div><div id=\"wpforms-134-field_2-container\" class=\"wpforms-field wpforms-field-textarea\" data-field-id=\"2\"><label class=\"wpforms-field-label\" for=\"wpforms-134-field_2\">Message <span class=\"wpforms-required-label\" aria-hidden=\"true\">*<\/span><\/label><textarea id=\"wpforms-134-field_2\" class=\"wpforms-field-medium wpforms-field-required\" name=\"wpforms[fields][2]\" aria-errormessage=\"wpforms-134-field_2-error\" required><\/textarea><\/div><\/div><!-- .wpforms-field-container --><div class=\"wpforms-submit-container\" ><input type=\"hidden\" name=\"wpforms[id]\" value=\"134\"><input type=\"hidden\" name=\"page_title\" value=\"\"><input type=\"hidden\" name=\"page_url\" value=\"https:\/\/thetahealing-bruxelles.be\/index.php\/wp-json\/wp\/v2\/pages\/15\"><input type=\"hidden\" name=\"url_referer\" value=\"\"><button type=\"submit\" name=\"wpforms[submit]\" id=\"wpforms-submit-134\" class=\"wpforms-submit\" data-alt-text=\"Envoi...\" data-submit-text=\"Envoyer\" aria-live=\"assertive\" value=\"wpforms-submit\">Envoyer<\/button><img decoding=\"async\" src=\"https:\/\/thetahealing-bruxelles.be\/wp-content\/plugins\/wpforms-lite\/assets\/images\/submit-spin.svg\" class=\"wpforms-submit-spinner\" style=\"display: none;\" width=\"26\" height=\"26\" alt=\"Chargement en cours\"><\/div><\/form><\/div>  <!-- .wpforms-container -->\n\n\n<iframe src=\"https:\/\/www.google.com\/maps\/d\/embed?mid=1FK3h3bfVeM1S25rQaa2HUtp0Drj0mCs&#038;ehbc=2E312F&#038;noprof=1\" width=\"1000\" height=\"400\"><\/iframe>\n","protected":false},"excerpt":{"rendered":"<p>Contactez-nous Vous avez une question, une envie de discuter ThetaHealing ou simplement besoin de conseils \u00e9nerg\u00e9tiques ? Laissez-nous un message ci-dessous ! Promis, nous vous r\u00e9pondrons plus vite que l&rsquo;\u00e9clair (ou presque) ! Votre bien-\u00eatre nous tient \u00e0 c\u0153ur, et un petit mot de vous illumine notre journ\u00e9e. \ud83d\ude0a<\/p>\n","protected":false},"author":1,"featured_media":0,"parent":0,"menu_order":0,"comment_status":"closed","ping_status":"closed","template":"","meta":{"footnotes":""},"class_list":["post-15","page","type-page","status-publish","hentry"],"yoast_head":"<!-- This site is optimized with the Yoast SEO plugin v27.3 - https:\/\/yoast.com\/product\/yoast-seo-wordpress\/ -->\n<title>Contact - ThetaHealing-Bruxelles<\/title>\n<meta name=\"description\" content=\"Contactez une personne exp\u00e9riment\u00e9e en thetaHealing \u00e0 Bruxelles, en Belgique et en visio pour le thetaHealing on line\" \/>\n<meta name=\"robots\" content=\"index, follow, max-snippet:-1, max-image-preview:large, max-video-preview:-1\" \/>\n<link rel=\"canonical\" href=\"https:\/\/thetahealing-bruxelles.be\/index.php\/contact\/\" \/>\n<meta property=\"og:locale\" content=\"fr_FR\" \/>\n<meta property=\"og:type\" content=\"article\" \/>\n<meta property=\"og:title\" content=\"Contact - ThetaHealing-Bruxelles\" \/>\n<meta property=\"og:description\" content=\"Contactez une personne exp\u00e9riment\u00e9e en thetaHealing \u00e0 Bruxelles, en Belgique et en visio pour le thetaHealing on line\" \/>\n<meta property=\"og:url\" content=\"https:\/\/thetahealing-bruxelles.be\/index.php\/contact\/\" \/>\n<meta property=\"og:site_name\" content=\"ThetaHealing-Bruxelles\" \/>\n<meta property=\"article:modified_time\" content=\"2026-03-23T00:19:16+00:00\" \/>\n<meta property=\"og:image\" content=\"https:\/\/thetahealing-bruxelles.be\/wp-content\/uploads\/2024\/07\/IMG_20240709_023840-1024x713.png\" \/>\n\t<meta property=\"og:image:width\" content=\"1024\" \/>\n\t<meta property=\"og:image:height\" content=\"713\" \/>\n\t<meta property=\"og:image:type\" content=\"image\/png\" \/>\n<meta name=\"twitter:card\" content=\"summary_large_image\" \/>\n<meta name=\"twitter:label1\" content=\"Dur\u00e9e de lecture estim\u00e9e\" \/>\n\t<meta name=\"twitter:data1\" content=\"1 minute\" \/>\n<script type=\"application\/ld+json\" class=\"yoast-schema-graph\">{\"@context\":\"https:\\\/\\\/schema.org\",\"@graph\":[{\"@type\":\"WebPage\",\"@id\":\"https:\\\/\\\/thetahealing-bruxelles.be\\\/index.php\\\/contact\\\/\",\"url\":\"https:\\\/\\\/thetahealing-bruxelles.be\\\/index.php\\\/contact\\\/\",\"name\":\"Contact - ThetaHealing-Bruxelles\",\"isPartOf\":{\"@id\":\"https:\\\/\\\/thetahealing-bruxelles.be\\\/#website\"},\"primaryImageOfPage\":{\"@id\":\"https:\\\/\\\/thetahealing-bruxelles.be\\\/index.php\\\/contact\\\/#primaryimage\"},\"image\":{\"@id\":\"https:\\\/\\\/thetahealing-bruxelles.be\\\/index.php\\\/contact\\\/#primaryimage\"},\"thumbnailUrl\":\"https:\\\/\\\/thetahealing-bruxelles.be\\\/wp-content\\\/uploads\\\/2024\\\/07\\\/IMG_20240709_023840-1024x713.png\",\"datePublished\":\"2024-07-08T18:00:05+00:00\",\"dateModified\":\"2026-03-23T00:19:16+00:00\",\"description\":\"Contactez une personne exp\u00e9riment\u00e9e en thetaHealing \u00e0 Bruxelles, en Belgique et en visio pour le thetaHealing on line\",\"breadcrumb\":{\"@id\":\"https:\\\/\\\/thetahealing-bruxelles.be\\\/index.php\\\/contact\\\/#breadcrumb\"},\"inLanguage\":\"fr-FR\",\"potentialAction\":[{\"@type\":\"ReadAction\",\"target\":[\"https:\\\/\\\/thetahealing-bruxelles.be\\\/index.php\\\/contact\\\/\"]}]},{\"@type\":\"ImageObject\",\"inLanguage\":\"fr-FR\",\"@id\":\"https:\\\/\\\/thetahealing-bruxelles.be\\\/index.php\\\/contact\\\/#primaryimage\",\"url\":\"https:\\\/\\\/thetahealing-bruxelles.be\\\/wp-content\\\/uploads\\\/2024\\\/07\\\/IMG_20240709_023840.png\",\"contentUrl\":\"https:\\\/\\\/thetahealing-bruxelles.be\\\/wp-content\\\/uploads\\\/2024\\\/07\\\/IMG_20240709_023840.png\",\"width\":3000,\"height\":2089,\"caption\":\"Hypnose et soins \u00e9nerg\u00e9tiques\"},{\"@type\":\"BreadcrumbList\",\"@id\":\"https:\\\/\\\/thetahealing-bruxelles.be\\\/index.php\\\/contact\\\/#breadcrumb\",\"itemListElement\":[{\"@type\":\"ListItem\",\"position\":1,\"name\":\"Accueil\",\"item\":\"https:\\\/\\\/thetahealing-bruxelles.be\\\/\"},{\"@type\":\"ListItem\",\"position\":2,\"name\":\"Contact\"}]},{\"@type\":\"WebSite\",\"@id\":\"https:\\\/\\\/thetahealing-bruxelles.be\\\/#website\",\"url\":\"https:\\\/\\\/thetahealing-bruxelles.be\\\/\",\"name\":\"ThetaHealing-Bruxelles\",\"description\":\"D\u00e9passez vos croyances limitantes !\",\"potentialAction\":[{\"@type\":\"SearchAction\",\"target\":{\"@type\":\"EntryPoint\",\"urlTemplate\":\"https:\\\/\\\/thetahealing-bruxelles.be\\\/?s={search_term_string}\"},\"query-input\":{\"@type\":\"PropertyValueSpecification\",\"valueRequired\":true,\"valueName\":\"search_term_string\"}}],\"inLanguage\":\"fr-FR\"}]}<\/script>\n<!-- \/ Yoast SEO plugin. -->","yoast_head_json":{"title":"Contact - ThetaHealing-Bruxelles","description":"Contactez une personne exp\u00e9riment\u00e9e en thetaHealing \u00e0 Bruxelles, en Belgique et en visio pour le thetaHealing on line","robots":{"index":"index","follow":"follow","max-snippet":"max-snippet:-1","max-image-preview":"max-image-preview:large","max-video-preview":"max-video-preview:-1"},"canonical":"https:\/\/thetahealing-bruxelles.be\/index.php\/contact\/","og_locale":"fr_FR","og_type":"article","og_title":"Contact - ThetaHealing-Bruxelles","og_description":"Contactez une personne exp\u00e9riment\u00e9e en thetaHealing \u00e0 Bruxelles, en Belgique et en visio pour le thetaHealing on line","og_url":"https:\/\/thetahealing-bruxelles.be\/index.php\/contact\/","og_site_name":"ThetaHealing-Bruxelles","article_modified_time":"2026-03-23T00:19:16+00:00","og_image":[{"width":1024,"height":713,"url":"https:\/\/thetahealing-bruxelles.be\/wp-content\/uploads\/2024\/07\/IMG_20240709_023840-1024x713.png","type":"image\/png"}],"twitter_card":"summary_large_image","twitter_misc":{"Dur\u00e9e de lecture estim\u00e9e":"1 minute"},"schema":{"@context":"https:\/\/schema.org","@graph":[{"@type":"WebPage","@id":"https:\/\/thetahealing-bruxelles.be\/index.php\/contact\/","url":"https:\/\/thetahealing-bruxelles.be\/index.php\/contact\/","name":"Contact - ThetaHealing-Bruxelles","isPartOf":{"@id":"https:\/\/thetahealing-bruxelles.be\/#website"},"primaryImageOfPage":{"@id":"https:\/\/thetahealing-bruxelles.be\/index.php\/contact\/#primaryimage"},"image":{"@id":"https:\/\/thetahealing-bruxelles.be\/index.php\/contact\/#primaryimage"},"thumbnailUrl":"https:\/\/thetahealing-bruxelles.be\/wp-content\/uploads\/2024\/07\/IMG_20240709_023840-1024x713.png","datePublished":"2024-07-08T18:00:05+00:00","dateModified":"2026-03-23T00:19:16+00:00","description":"Contactez une personne exp\u00e9riment\u00e9e en thetaHealing \u00e0 Bruxelles, en Belgique et en visio pour le thetaHealing on line","breadcrumb":{"@id":"https:\/\/thetahealing-bruxelles.be\/index.php\/contact\/#breadcrumb"},"inLanguage":"fr-FR","potentialAction":[{"@type":"ReadAction","target":["https:\/\/thetahealing-bruxelles.be\/index.php\/contact\/"]}]},{"@type":"ImageObject","inLanguage":"fr-FR","@id":"https:\/\/thetahealing-bruxelles.be\/index.php\/contact\/#primaryimage","url":"https:\/\/thetahealing-bruxelles.be\/wp-content\/uploads\/2024\/07\/IMG_20240709_023840.png","contentUrl":"https:\/\/thetahealing-bruxelles.be\/wp-content\/uploads\/2024\/07\/IMG_20240709_023840.png","width":3000,"height":2089,"caption":"Hypnose et soins \u00e9nerg\u00e9tiques"},{"@type":"BreadcrumbList","@id":"https:\/\/thetahealing-bruxelles.be\/index.php\/contact\/#breadcrumb","itemListElement":[{"@type":"ListItem","position":1,"name":"Accueil","item":"https:\/\/thetahealing-bruxelles.be\/"},{"@type":"ListItem","position":2,"name":"Contact"}]},{"@type":"WebSite","@id":"https:\/\/thetahealing-bruxelles.be\/#website","url":"https:\/\/thetahealing-bruxelles.be\/","name":"ThetaHealing-Bruxelles","description":"D\u00e9passez vos croyances limitantes !","potentialAction":[{"@type":"SearchAction","target":{"@type":"EntryPoint","urlTemplate":"https:\/\/thetahealing-bruxelles.be\/?s={search_term_string}"},"query-input":{"@type":"PropertyValueSpecification","valueRequired":true,"valueName":"search_term_string"}}],"inLanguage":"fr-FR"}]}},"acf":[],"_links":{"self":[{"href":"https:\/\/thetahealing-bruxelles.be\/index.php\/wp-json\/wp\/v2\/pages\/15","targetHints":{"allow":["GET"]}}],"collection":[{"href":"https:\/\/thetahealing-bruxelles.be\/index.php\/wp-json\/wp\/v2\/pages"}],"about":[{"href":"https:\/\/thetahealing-bruxelles.be\/index.php\/wp-json\/wp\/v2\/types\/page"}],"author":[{"embeddable":true,"href":"https:\/\/thetahealing-bruxelles.be\/index.php\/wp-json\/wp\/v2\/users\/1"}],"replies":[{"embeddable":true,"href":"https:\/\/thetahealing-bruxelles.be\/index.php\/wp-json\/wp\/v2\/comments?post=15"}],"version-history":[{"count":13,"href":"https:\/\/thetahealing-bruxelles.be\/index.php\/wp-json\/wp\/v2\/pages\/15\/revisions"}],"predecessor-version":[{"id":227,"href":"https:\/\/thetahealing-bruxelles.be\/index.php\/wp-json\/wp\/v2\/pages\/15\/revisions\/227"}],"wp:attachment":[{"href":"https:\/\/thetahealing-bruxelles.be\/index.php\/wp-json\/wp\/v2\/media?parent=15"}],"curies":[{"name":"wp","href":"https:\/\/api.w.org\/{rel}","templated":true}]}}