{"id":29,"date":"2024-07-08T21:35:06","date_gmt":"2024-07-08T19:35:06","guid":{"rendered":"https:\/\/thetahealing-bruxelles.be\/?page_id=29"},"modified":"2026-03-23T01:41:24","modified_gmt":"2026-03-23T00:41:24","slug":"antoine-nicolas-thetahealing","status":"publish","type":"page","link":"https:\/\/thetahealing-bruxelles.be\/index.php\/antoine-nicolas-thetahealing\/","title":{"rendered":"Antoine NICOLAS"},"content":{"rendered":"<div class=\"yoast-breadcrumbs\"><span><span><a href=\"https:\/\/thetahealing-bruxelles.be\/\">Accueil<\/a><\/span> \u00bb <span class=\"breadcrumb_last\" aria-current=\"page\">Antoine NICOLAS<\/span><\/span><\/div>\n\n\n<p><h1><strong>Antoine NICOLAS &#8211; Th\u00e9rapeute thetaHealing \u00e0 Bruxelles<\/strong><\/h1><\/p>\n\n\n<div class=\"wp-block-image\">\n<figure class=\"alignleft size-full is-resized\"><img fetchpriority=\"high\" decoding=\"async\" width=\"957\" height=\"971\" src=\"https:\/\/thetahealing-bruxelles.be\/wp-content\/uploads\/2024\/07\/photo-A-NICOLAS.jpg\" alt=\"Antoine NICOLAS - thetaHealing Bruxelles et Belgique\" class=\"wp-image-30\" style=\"width:500px\" srcset=\"https:\/\/thetahealing-bruxelles.be\/wp-content\/uploads\/2024\/07\/photo-A-NICOLAS.jpg 957w, https:\/\/thetahealing-bruxelles.be\/wp-content\/uploads\/2024\/07\/photo-A-NICOLAS-296x300.jpg 296w, https:\/\/thetahealing-bruxelles.be\/wp-content\/uploads\/2024\/07\/photo-A-NICOLAS-768x779.jpg 768w, https:\/\/thetahealing-bruxelles.be\/wp-content\/uploads\/2024\/07\/photo-A-NICOLAS-75x75.jpg 75w\" sizes=\"(max-width: 957px) 100vw, 957px\" \/><\/figure>\n<\/div>\n\n\n<ul class=\"wp-block-list\">\n<li class=\"has-text-color has-link-color wp-elements-5ced4ad248428d2fb89acd6fb7a3edce\" style=\"color:#f601da\"><mark style=\"background-color: rgba(0, 0, 0, 0); color: #ea36e1;\">Gestionnaire de crises depuis plus de 20 ans.<\/mark><\/li>\n\n\n\n<li class=\"has-text-color has-link-color wp-elements-0f306b9cb3bbaa0323a9c1d819c0909b\" style=\"color:#f601da\"><mark style=\"background-color: rgba(0, 0, 0, 0); color: #ea36e1;\">Th\u00e9rapeute en thetaHealing<\/mark><\/li>\n\n\n\n<li class=\"has-text-color has-link-color wp-elements-5dc31a3191885b60071d820f02bc8ac4\" style=\"color:#f601da\">Chamane<\/li>\n\n\n\n<li class=\"has-text-color has-link-color wp-elements-180dc32761bddddb7c4b35c235008f25\" style=\"color:#f601da\"><mark style=\"background-color: rgba(0, 0, 0, 0); color: #ea36e1;\">Hypnoth\u00e9rapeute<\/mark><\/li>\n\n\n\n<li class=\"has-text-color has-link-color wp-elements-fee071ee816c9b4fdcb0f441a397764b\" style=\"color:#f601da\"><mark style=\"background-color: rgba(0, 0, 0, 0); color: #ea36e1;\">EMDR<\/mark><\/li>\n\n\n\n<li class=\"has-text-color has-link-color wp-elements-211cee38f7516ae8fa68f2eb96986451\" style=\"color:#f601da\"><mark style=\"background-color: rgba(0, 0, 0, 0); color: #ea36e1;\">Magn\u00e9tisme<\/mark><\/li>\n\n\n\n<li class=\"has-text-color has-link-color wp-elements-6f6e5c9622aeb79057d7108291806a37\" style=\"color:#f601da\"><mark style=\"background-color: rgba(0, 0, 0, 0); color: #ea36e1;\">Coaching<\/mark><\/li>\n\n\n\n<li class=\"has-text-color has-link-color wp-elements-8155ab6deaaed8d6c8e2167e581a595d\" style=\"color:#f601da\"><mark style=\"background-color: rgba(0, 0, 0, 0); color: #ea36e1;\">Programmation neurolinguistique PNL<\/mark><\/li>\n\n\n\n<li class=\"has-text-color has-link-color wp-elements-9a0e200f763d45ba30a10034d781de58\" style=\"color:#f601da\"><mark style=\"background-color: rgba(0, 0, 0, 0); color: #ea36e1;\">Communication Non Violente CNV<\/mark><\/li>\n<\/ul>\n\n\n\n<p style=\"font-size:20px;font-style:normal;font-weight:400\">Je suis th\u00e9rapeute mi-temps. C&rsquo;est une passion pour moi ! Je ne veux pas enchainer des consultations. Je veux recevoir la personne en face de moi avec passion et l&rsquo;aider au mieux de mes comp\u00e9tences.<\/p>\n\n\n\n<p>&nbsp;<\/p>\n\n\n\n<p>Ing\u00e9nieur social de formation, je crois aux r\u00e9sultats. Payer un th\u00e9rapeute pour que les r\u00e9sultats \u00ab\u00a0commencent\u00a0\u00bb \u00e0 se faire sentir apr\u00e8s une dizaine de sessions. Non ! Attention, rien ne se fera sans votre part active, mais de mon cot\u00e9, je ferai tout pour vous aider et que vous vous sentiez mieux le plus rapidement possible.<\/p>\n\n\n\n<p>Depuis 1996, j&rsquo;ai une carri\u00e8re d&rsquo;assistant social, d&rsquo;ing\u00e9nieur social, d&rsquo;animateur d&rsquo;enfants, de conteur, de coordinateur, de cr\u00e9ateur de projets, de commercial&#8230; J&rsquo;ai toujours voulu aller vers des m\u00e9tiers de passion : quoi de mieux que de faire r\u00eaver des enfants ou d&rsquo;aider des adultes \u00e0 cr\u00e9er leurs r\u00eaves ? J&rsquo;ai d&rsquo;abord combin\u00e9 de la loi et de la m\u00e9thode, puis du coaching et enfin je suis devenu th\u00e9rapeute.<\/p>\n\n\n\n<p>Cette envie de l&rsquo;humain m&rsquo;a orient\u00e9 vers le d\u00e9sir de devenir th\u00e9rapeute. J&rsquo;ai d\u00e9marr\u00e9 et je ne peux plus m&rsquo;arr\u00eater : hypnose, EMDR, thetaHealing, PNL, CNV, magn\u00e9tisme et enfin le chamanisme.<\/p>\n\n\n\n<p>J&rsquo;apprends, j&rsquo;exerce, j&rsquo;adapte. Je combine tout ce que j&rsquo;apprends pour aider la personne en face de moi de la fa\u00e7on la plus personnalis\u00e9e possible.<\/p>\n\n\n\n<p>Au d\u00e9but, tout ce monde sensible, je n&rsquo;y croyais pas du tout. J&rsquo;ai rencontr\u00e9 cet univers par hasard. Puis force est de constater que je ressentais des r\u00e9sultats sur moi-m\u00eame. Je ne pouvais pas continuer \u00e0 nier que ce monde sensible et invisible existait&#8230; J&rsquo;ai lev\u00e9 le voile et me suis form\u00e9 de plus en plus et je continue \u00e0 me former.<\/p>\n\n\n\n<p>Je suis situ\u00e9 \u00e0 Bruxelles. Je propose des soins \u00e0 Forest (limite de Saint-Gilles) et Watermael-Boitsfort ou en visio, le thetaHealing online.<\/p>\n\n\n\n<p>Envie de me conna\u00eetre un peu plus et\/ou de prendre rendez-vous ? C&rsquo;est par ici : <a href=\"https:\/\/www.senshypnose.be\/\" target=\"_blank\" rel=\"noreferrer noopener\"><mark style=\"background-color: rgba(0, 0, 0, 0); color: #de21ea;\">SensHypnose.be<\/mark><\/a><\/p>\n\n\n\n<p>contact@senshypose.be 0471\/89.36.06<\/p>\n","protected":false},"excerpt":{"rendered":"<p>Antoine NICOLAS &#8211; Th\u00e9rapeute thetaHealing \u00e0 Bruxelles Je suis th\u00e9rapeute mi-temps. C&rsquo;est une passion pour moi ! Je ne veux pas enchainer des consultations. Je veux recevoir la personne en face de moi avec passion et l&rsquo;aider au mieux de mes comp\u00e9tences. &nbsp; Ing\u00e9nieur social de formation, je crois aux r\u00e9sultats. Payer un th\u00e9rapeute pour que les r\u00e9sultats \u00ab\u00a0commencent\u00a0\u00bb \u00e0 se faire sentir apr\u00e8s une dizaine de sessions. Non ! Attention, rien ne se fera sans votre part active, mais de mon cot\u00e9, je ferai tout pour vous aider et que vous vous sentiez mieux le plus rapidement possible. Depuis 1996, j&rsquo;ai une carri\u00e8re d&rsquo;assistant social, d&rsquo;ing\u00e9nieur social, d&rsquo;animateur d&rsquo;enfants, de conteur, de coordinateur, de cr\u00e9ateur de projets, de commercial&#8230; J&rsquo;ai toujours voulu aller vers des m\u00e9tiers de passion : quoi de mieux que de faire r\u00eaver des enfants ou d&rsquo;aider des adultes \u00e0 cr\u00e9er leurs r\u00eaves ? J&rsquo;ai d&rsquo;abord combin\u00e9 de la loi et de la m\u00e9thode, puis du coaching et enfin je suis devenu th\u00e9rapeute. Cette envie de l&rsquo;humain m&rsquo;a orient\u00e9 vers le d\u00e9sir de devenir th\u00e9rapeute. J&rsquo;ai d\u00e9marr\u00e9 et je ne peux plus m&rsquo;arr\u00eater : hypnose, EMDR, thetaHealing, PNL, CNV, magn\u00e9tisme et enfin le chamanisme. J&rsquo;apprends, j&rsquo;exerce, j&rsquo;adapte. Je combine tout ce que j&rsquo;apprends pour aider la personne en face de moi de la fa\u00e7on la plus personnalis\u00e9e possible. Au d\u00e9but, tout ce monde sensible, je n&rsquo;y croyais pas du tout. J&rsquo;ai rencontr\u00e9 cet univers par hasard. Puis force est de constater que je ressentais des r\u00e9sultats sur moi-m\u00eame. Je ne pouvais pas continuer \u00e0 nier que ce monde sensible et invisible existait&#8230; J&rsquo;ai lev\u00e9 le voile et me suis form\u00e9 de plus en plus et je continue \u00e0 me former. Je suis situ\u00e9 \u00e0 Bruxelles. Je propose des soins \u00e0 Forest (limite de Saint-Gilles) et Watermael-Boitsfort ou en visio, le thetaHealing online. Envie de me conna\u00eetre un peu plus et\/ou de prendre rendez-vous ? C&rsquo;est par ici : SensHypnose.be contact@senshypose.be 0471\/89.36.06<\/p>\n","protected":false},"author":1,"featured_media":0,"parent":0,"menu_order":0,"comment_status":"closed","ping_status":"closed","template":"","meta":{"footnotes":""},"class_list":["post-29","page","type-page","status-publish","hentry"],"yoast_head":"<!-- This site is optimized with the Yoast SEO plugin v27.3 - https:\/\/yoast.com\/product\/yoast-seo-wordpress\/ -->\n<title>Antoine NICOLAS - ThetaHealing-Bruxelles<\/title>\n<meta name=\"description\" content=\"Thetahealing et gestion de crises depuis plus de 25 ans. Ing\u00e9nieur de formation, je crois aux r\u00e9sultats ! Hypnose, EMDR, magn\u00e9tisme, coaching\" \/>\n<meta name=\"robots\" content=\"index, follow, max-snippet:-1, max-image-preview:large, max-video-preview:-1\" \/>\n<link rel=\"canonical\" href=\"https:\/\/thetahealing-bruxelles.be\/index.php\/antoine-nicolas-thetahealing\/\" \/>\n<meta property=\"og:locale\" content=\"fr_FR\" \/>\n<meta property=\"og:type\" content=\"article\" \/>\n<meta property=\"og:title\" content=\"Antoine NICOLAS - ThetaHealing-Bruxelles\" \/>\n<meta property=\"og:description\" content=\"Thetahealing et gestion de crises depuis plus de 25 ans. Ing\u00e9nieur de formation, je crois aux r\u00e9sultats ! Hypnose, EMDR, magn\u00e9tisme, coaching\" \/>\n<meta property=\"og:url\" content=\"https:\/\/thetahealing-bruxelles.be\/index.php\/antoine-nicolas-thetahealing\/\" \/>\n<meta property=\"og:site_name\" content=\"ThetaHealing-Bruxelles\" \/>\n<meta property=\"article:modified_time\" content=\"2026-03-23T00:41:24+00:00\" \/>\n<meta property=\"og:image\" content=\"https:\/\/thetahealing-bruxelles.be\/wp-content\/uploads\/2024\/07\/photo-A-NICOLAS.jpg\" \/>\n\t<meta property=\"og:image:width\" content=\"957\" \/>\n\t<meta property=\"og:image:height\" content=\"971\" \/>\n\t<meta property=\"og:image:type\" content=\"image\/jpeg\" \/>\n<meta name=\"twitter:card\" content=\"summary_large_image\" \/>\n<meta name=\"twitter:label1\" content=\"Dur\u00e9e de lecture estim\u00e9e\" \/>\n\t<meta name=\"twitter:data1\" content=\"2 minutes\" \/>\n<script type=\"application\/ld+json\" class=\"yoast-schema-graph\">{\"@context\":\"https:\\\/\\\/schema.org\",\"@graph\":[{\"@type\":\"WebPage\",\"@id\":\"https:\\\/\\\/thetahealing-bruxelles.be\\\/index.php\\\/antoine-nicolas-thetahealing\\\/\",\"url\":\"https:\\\/\\\/thetahealing-bruxelles.be\\\/index.php\\\/antoine-nicolas-thetahealing\\\/\",\"name\":\"Antoine NICOLAS - ThetaHealing-Bruxelles\",\"isPartOf\":{\"@id\":\"https:\\\/\\\/thetahealing-bruxelles.be\\\/#website\"},\"primaryImageOfPage\":{\"@id\":\"https:\\\/\\\/thetahealing-bruxelles.be\\\/index.php\\\/antoine-nicolas-thetahealing\\\/#primaryimage\"},\"image\":{\"@id\":\"https:\\\/\\\/thetahealing-bruxelles.be\\\/index.php\\\/antoine-nicolas-thetahealing\\\/#primaryimage\"},\"thumbnailUrl\":\"https:\\\/\\\/thetahealing-bruxelles.be\\\/wp-content\\\/uploads\\\/2024\\\/07\\\/photo-A-NICOLAS.jpg\",\"datePublished\":\"2024-07-08T19:35:06+00:00\",\"dateModified\":\"2026-03-23T00:41:24+00:00\",\"description\":\"Thetahealing et gestion de crises depuis plus de 25 ans. Ing\u00e9nieur de formation, je crois aux r\u00e9sultats ! Hypnose, EMDR, magn\u00e9tisme, coaching\",\"breadcrumb\":{\"@id\":\"https:\\\/\\\/thetahealing-bruxelles.be\\\/index.php\\\/antoine-nicolas-thetahealing\\\/#breadcrumb\"},\"inLanguage\":\"fr-FR\",\"potentialAction\":[{\"@type\":\"ReadAction\",\"target\":[\"https:\\\/\\\/thetahealing-bruxelles.be\\\/index.php\\\/antoine-nicolas-thetahealing\\\/\"]}]},{\"@type\":\"ImageObject\",\"inLanguage\":\"fr-FR\",\"@id\":\"https:\\\/\\\/thetahealing-bruxelles.be\\\/index.php\\\/antoine-nicolas-thetahealing\\\/#primaryimage\",\"url\":\"https:\\\/\\\/thetahealing-bruxelles.be\\\/wp-content\\\/uploads\\\/2024\\\/07\\\/photo-A-NICOLAS.jpg\",\"contentUrl\":\"https:\\\/\\\/thetahealing-bruxelles.be\\\/wp-content\\\/uploads\\\/2024\\\/07\\\/photo-A-NICOLAS.jpg\",\"width\":957,\"height\":971,\"caption\":\"Antoine NICOOLAS ThetaHealing Bruxelles\"},{\"@type\":\"BreadcrumbList\",\"@id\":\"https:\\\/\\\/thetahealing-bruxelles.be\\\/index.php\\\/antoine-nicolas-thetahealing\\\/#breadcrumb\",\"itemListElement\":[{\"@type\":\"ListItem\",\"position\":1,\"name\":\"Accueil\",\"item\":\"https:\\\/\\\/thetahealing-bruxelles.be\\\/\"},{\"@type\":\"ListItem\",\"position\":2,\"name\":\"Antoine NICOLAS\"}]},{\"@type\":\"WebSite\",\"@id\":\"https:\\\/\\\/thetahealing-bruxelles.be\\\/#website\",\"url\":\"https:\\\/\\\/thetahealing-bruxelles.be\\\/\",\"name\":\"ThetaHealing-Bruxelles\",\"description\":\"D\u00e9passez vos croyances limitantes !\",\"potentialAction\":[{\"@type\":\"SearchAction\",\"target\":{\"@type\":\"EntryPoint\",\"urlTemplate\":\"https:\\\/\\\/thetahealing-bruxelles.be\\\/?s={search_term_string}\"},\"query-input\":{\"@type\":\"PropertyValueSpecification\",\"valueRequired\":true,\"valueName\":\"search_term_string\"}}],\"inLanguage\":\"fr-FR\"}]}<\/script>\n<!-- \/ Yoast SEO plugin. -->","yoast_head_json":{"title":"Antoine NICOLAS - ThetaHealing-Bruxelles","description":"Thetahealing et gestion de crises depuis plus de 25 ans. Ing\u00e9nieur de formation, je crois aux r\u00e9sultats ! Hypnose, EMDR, magn\u00e9tisme, coaching","robots":{"index":"index","follow":"follow","max-snippet":"max-snippet:-1","max-image-preview":"max-image-preview:large","max-video-preview":"max-video-preview:-1"},"canonical":"https:\/\/thetahealing-bruxelles.be\/index.php\/antoine-nicolas-thetahealing\/","og_locale":"fr_FR","og_type":"article","og_title":"Antoine NICOLAS - ThetaHealing-Bruxelles","og_description":"Thetahealing et gestion de crises depuis plus de 25 ans. Ing\u00e9nieur de formation, je crois aux r\u00e9sultats ! Hypnose, EMDR, magn\u00e9tisme, coaching","og_url":"https:\/\/thetahealing-bruxelles.be\/index.php\/antoine-nicolas-thetahealing\/","og_site_name":"ThetaHealing-Bruxelles","article_modified_time":"2026-03-23T00:41:24+00:00","og_image":[{"width":957,"height":971,"url":"https:\/\/thetahealing-bruxelles.be\/wp-content\/uploads\/2024\/07\/photo-A-NICOLAS.jpg","type":"image\/jpeg"}],"twitter_card":"summary_large_image","twitter_misc":{"Dur\u00e9e de lecture estim\u00e9e":"2 minutes"},"schema":{"@context":"https:\/\/schema.org","@graph":[{"@type":"WebPage","@id":"https:\/\/thetahealing-bruxelles.be\/index.php\/antoine-nicolas-thetahealing\/","url":"https:\/\/thetahealing-bruxelles.be\/index.php\/antoine-nicolas-thetahealing\/","name":"Antoine NICOLAS - ThetaHealing-Bruxelles","isPartOf":{"@id":"https:\/\/thetahealing-bruxelles.be\/#website"},"primaryImageOfPage":{"@id":"https:\/\/thetahealing-bruxelles.be\/index.php\/antoine-nicolas-thetahealing\/#primaryimage"},"image":{"@id":"https:\/\/thetahealing-bruxelles.be\/index.php\/antoine-nicolas-thetahealing\/#primaryimage"},"thumbnailUrl":"https:\/\/thetahealing-bruxelles.be\/wp-content\/uploads\/2024\/07\/photo-A-NICOLAS.jpg","datePublished":"2024-07-08T19:35:06+00:00","dateModified":"2026-03-23T00:41:24+00:00","description":"Thetahealing et gestion de crises depuis plus de 25 ans. Ing\u00e9nieur de formation, je crois aux r\u00e9sultats ! Hypnose, EMDR, magn\u00e9tisme, coaching","breadcrumb":{"@id":"https:\/\/thetahealing-bruxelles.be\/index.php\/antoine-nicolas-thetahealing\/#breadcrumb"},"inLanguage":"fr-FR","potentialAction":[{"@type":"ReadAction","target":["https:\/\/thetahealing-bruxelles.be\/index.php\/antoine-nicolas-thetahealing\/"]}]},{"@type":"ImageObject","inLanguage":"fr-FR","@id":"https:\/\/thetahealing-bruxelles.be\/index.php\/antoine-nicolas-thetahealing\/#primaryimage","url":"https:\/\/thetahealing-bruxelles.be\/wp-content\/uploads\/2024\/07\/photo-A-NICOLAS.jpg","contentUrl":"https:\/\/thetahealing-bruxelles.be\/wp-content\/uploads\/2024\/07\/photo-A-NICOLAS.jpg","width":957,"height":971,"caption":"Antoine NICOOLAS ThetaHealing Bruxelles"},{"@type":"BreadcrumbList","@id":"https:\/\/thetahealing-bruxelles.be\/index.php\/antoine-nicolas-thetahealing\/#breadcrumb","itemListElement":[{"@type":"ListItem","position":1,"name":"Accueil","item":"https:\/\/thetahealing-bruxelles.be\/"},{"@type":"ListItem","position":2,"name":"Antoine NICOLAS"}]},{"@type":"WebSite","@id":"https:\/\/thetahealing-bruxelles.be\/#website","url":"https:\/\/thetahealing-bruxelles.be\/","name":"ThetaHealing-Bruxelles","description":"D\u00e9passez vos croyances limitantes !","potentialAction":[{"@type":"SearchAction","target":{"@type":"EntryPoint","urlTemplate":"https:\/\/thetahealing-bruxelles.be\/?s={search_term_string}"},"query-input":{"@type":"PropertyValueSpecification","valueRequired":true,"valueName":"search_term_string"}}],"inLanguage":"fr-FR"}]}},"acf":[],"_links":{"self":[{"href":"https:\/\/thetahealing-bruxelles.be\/index.php\/wp-json\/wp\/v2\/pages\/29","targetHints":{"allow":["GET"]}}],"collection":[{"href":"https:\/\/thetahealing-bruxelles.be\/index.php\/wp-json\/wp\/v2\/pages"}],"about":[{"href":"https:\/\/thetahealing-bruxelles.be\/index.php\/wp-json\/wp\/v2\/types\/page"}],"author":[{"embeddable":true,"href":"https:\/\/thetahealing-bruxelles.be\/index.php\/wp-json\/wp\/v2\/users\/1"}],"replies":[{"embeddable":true,"href":"https:\/\/thetahealing-bruxelles.be\/index.php\/wp-json\/wp\/v2\/comments?post=29"}],"version-history":[{"count":20,"href":"https:\/\/thetahealing-bruxelles.be\/index.php\/wp-json\/wp\/v2\/pages\/29\/revisions"}],"predecessor-version":[{"id":234,"href":"https:\/\/thetahealing-bruxelles.be\/index.php\/wp-json\/wp\/v2\/pages\/29\/revisions\/234"}],"wp:attachment":[{"href":"https:\/\/thetahealing-bruxelles.be\/index.php\/wp-json\/wp\/v2\/media?parent=29"}],"curies":[{"name":"wp","href":"https:\/\/api.w.org\/{rel}","templated":true}]}}