{"id":33,"date":"2024-07-08T22:03:33","date_gmt":"2024-07-08T20:03:33","guid":{"rendered":"https:\/\/thetahealing-bruxelles.be\/?page_id=33"},"modified":"2026-03-23T01:28:31","modified_gmt":"2026-03-23T00:28:31","slug":"sania-daoudi-thetahealing","status":"publish","type":"page","link":"https:\/\/thetahealing-bruxelles.be\/index.php\/sania-daoudi-thetahealing\/","title":{"rendered":"Sania DAOUDI"},"content":{"rendered":"<div class=\"yoast-breadcrumbs\"><span><span><a href=\"https:\/\/thetahealing-bruxelles.be\/\">Accueil<\/a><\/span> \u00bb <span class=\"breadcrumb_last\" aria-current=\"page\">Sania DAOUDI<\/span><\/span><\/div>\n\n\n<h1 class=\"wp-block-heading\">Sania DAOUDI &#8211; Th\u00e9rapeute en thetaHealing<\/h1>\n\n\n\n<div class=\"wp-block-media-text is-stacked-on-mobile\"><figure class=\"wp-block-media-text__media\"><img fetchpriority=\"high\" decoding=\"async\" width=\"565\" height=\"426\" src=\"https:\/\/thetahealing-bruxelles.be\/wp-content\/uploads\/2024\/07\/Sania-Daoudi.jpg\" alt=\"Sania Daoudi Chamane\nThetaHealing Bruxelles Belgique\" class=\"wp-image-34 size-full\" srcset=\"https:\/\/thetahealing-bruxelles.be\/wp-content\/uploads\/2024\/07\/Sania-Daoudi.jpg 565w, https:\/\/thetahealing-bruxelles.be\/wp-content\/uploads\/2024\/07\/Sania-Daoudi-300x226.jpg 300w\" sizes=\"(max-width: 565px) 100vw, 565px\" \/><\/figure><div class=\"wp-block-media-text__content\">\n<ul class=\"wp-block-list\">\n<li>Chamane<\/li>\n\n\n\n<li>ThetaHealing<\/li>\n\n\n\n<li>Soins chamaniques<\/li>\n\n\n\n<li>C\u00e9r\u00e9monies de chants sacr\u00e9s<\/li>\n\n\n\n<li>Tentes rouges<\/li>\n<\/ul>\n<\/div><\/div>\n\n\n\n<p>Je suis situ\u00e9e \u00e0 Bruxelles. Je propose des soins \u00e0 Watermael-Boitsfort ou en visio, le thetaHealing online<\/p>\n\n\n\n<p>Pour me d\u00e9couvrir un peu plus ou prendre rendez-vous, c&rsquo;est par ici : <a href=\"https:\/\/lpdcolibri.wixsite.com\/lapartducolibri\/a-propos\" target=\"_blank\" rel=\"noreferrer noopener\">lapartducolibri<\/a><\/p>\n","protected":false},"excerpt":{"rendered":"<p>Sania DAOUDI &#8211; Th\u00e9rapeute en thetaHealing Je suis situ\u00e9e \u00e0 Bruxelles. Je propose des soins \u00e0 Watermael-Boitsfort ou en visio, le thetaHealing online Pour me d\u00e9couvrir un peu plus ou prendre rendez-vous, c&rsquo;est par ici : lapartducolibri<\/p>\n","protected":false},"author":1,"featured_media":0,"parent":0,"menu_order":0,"comment_status":"closed","ping_status":"closed","template":"","meta":{"footnotes":""},"class_list":["post-33","page","type-page","status-publish","hentry"],"yoast_head":"<!-- This site is optimized with the Yoast SEO plugin v27.3 - https:\/\/yoast.com\/product\/yoast-seo-wordpress\/ -->\n<title>Sania DAOUDI - ThetaHealing-Bruxelles<\/title>\n<meta name=\"description\" content=\"Sania DAOUDI est une praticienne en thetaHealing et chaman \u00e0 Bruxelles, en Belgique, en Visio - le thetaHealing on line\" \/>\n<meta name=\"robots\" content=\"index, follow, max-snippet:-1, max-image-preview:large, max-video-preview:-1\" \/>\n<link rel=\"canonical\" href=\"https:\/\/thetahealing-bruxelles.be\/index.php\/sania-daoudi-thetahealing\/\" \/>\n<meta property=\"og:locale\" content=\"fr_FR\" \/>\n<meta property=\"og:type\" content=\"article\" \/>\n<meta property=\"og:title\" content=\"Sania DAOUDI - ThetaHealing-Bruxelles\" \/>\n<meta property=\"og:description\" content=\"Sania DAOUDI est une praticienne en thetaHealing et chaman \u00e0 Bruxelles, en Belgique, en Visio - le thetaHealing on line\" \/>\n<meta property=\"og:url\" content=\"https:\/\/thetahealing-bruxelles.be\/index.php\/sania-daoudi-thetahealing\/\" \/>\n<meta property=\"og:site_name\" content=\"ThetaHealing-Bruxelles\" \/>\n<meta property=\"article:modified_time\" content=\"2026-03-23T00:28:31+00:00\" \/>\n<meta property=\"og:image\" content=\"https:\/\/thetahealing-bruxelles.be\/wp-content\/uploads\/2024\/07\/Sania-Daoudi.jpg\" \/>\n\t<meta property=\"og:image:width\" content=\"565\" \/>\n\t<meta property=\"og:image:height\" content=\"426\" \/>\n\t<meta property=\"og:image:type\" content=\"image\/jpeg\" \/>\n<meta name=\"twitter:card\" content=\"summary_large_image\" \/>\n<meta name=\"twitter:label1\" content=\"Dur\u00e9e de lecture estim\u00e9e\" \/>\n\t<meta name=\"twitter:data1\" content=\"1 minute\" \/>\n<script type=\"application\/ld+json\" class=\"yoast-schema-graph\">{\"@context\":\"https:\\\/\\\/schema.org\",\"@graph\":[{\"@type\":\"WebPage\",\"@id\":\"https:\\\/\\\/thetahealing-bruxelles.be\\\/index.php\\\/sania-daoudi-thetahealing\\\/\",\"url\":\"https:\\\/\\\/thetahealing-bruxelles.be\\\/index.php\\\/sania-daoudi-thetahealing\\\/\",\"name\":\"Sania DAOUDI - ThetaHealing-Bruxelles\",\"isPartOf\":{\"@id\":\"https:\\\/\\\/thetahealing-bruxelles.be\\\/#website\"},\"primaryImageOfPage\":{\"@id\":\"https:\\\/\\\/thetahealing-bruxelles.be\\\/index.php\\\/sania-daoudi-thetahealing\\\/#primaryimage\"},\"image\":{\"@id\":\"https:\\\/\\\/thetahealing-bruxelles.be\\\/index.php\\\/sania-daoudi-thetahealing\\\/#primaryimage\"},\"thumbnailUrl\":\"https:\\\/\\\/thetahealing-bruxelles.be\\\/wp-content\\\/uploads\\\/2024\\\/07\\\/Sania-Daoudi.jpg\",\"datePublished\":\"2024-07-08T20:03:33+00:00\",\"dateModified\":\"2026-03-23T00:28:31+00:00\",\"description\":\"Sania DAOUDI est une praticienne en thetaHealing et chaman \u00e0 Bruxelles, en Belgique, en Visio - le thetaHealing on line\",\"breadcrumb\":{\"@id\":\"https:\\\/\\\/thetahealing-bruxelles.be\\\/index.php\\\/sania-daoudi-thetahealing\\\/#breadcrumb\"},\"inLanguage\":\"fr-FR\",\"potentialAction\":[{\"@type\":\"ReadAction\",\"target\":[\"https:\\\/\\\/thetahealing-bruxelles.be\\\/index.php\\\/sania-daoudi-thetahealing\\\/\"]}]},{\"@type\":\"ImageObject\",\"inLanguage\":\"fr-FR\",\"@id\":\"https:\\\/\\\/thetahealing-bruxelles.be\\\/index.php\\\/sania-daoudi-thetahealing\\\/#primaryimage\",\"url\":\"https:\\\/\\\/thetahealing-bruxelles.be\\\/wp-content\\\/uploads\\\/2024\\\/07\\\/Sania-Daoudi.jpg\",\"contentUrl\":\"https:\\\/\\\/thetahealing-bruxelles.be\\\/wp-content\\\/uploads\\\/2024\\\/07\\\/Sania-Daoudi.jpg\",\"width\":565,\"height\":426,\"caption\":\"Sania Daoudi ThetaHealing\"},{\"@type\":\"BreadcrumbList\",\"@id\":\"https:\\\/\\\/thetahealing-bruxelles.be\\\/index.php\\\/sania-daoudi-thetahealing\\\/#breadcrumb\",\"itemListElement\":[{\"@type\":\"ListItem\",\"position\":1,\"name\":\"Accueil\",\"item\":\"https:\\\/\\\/thetahealing-bruxelles.be\\\/\"},{\"@type\":\"ListItem\",\"position\":2,\"name\":\"Sania DAOUDI\"}]},{\"@type\":\"WebSite\",\"@id\":\"https:\\\/\\\/thetahealing-bruxelles.be\\\/#website\",\"url\":\"https:\\\/\\\/thetahealing-bruxelles.be\\\/\",\"name\":\"ThetaHealing-Bruxelles\",\"description\":\"D\u00e9passez vos croyances limitantes !\",\"potentialAction\":[{\"@type\":\"SearchAction\",\"target\":{\"@type\":\"EntryPoint\",\"urlTemplate\":\"https:\\\/\\\/thetahealing-bruxelles.be\\\/?s={search_term_string}\"},\"query-input\":{\"@type\":\"PropertyValueSpecification\",\"valueRequired\":true,\"valueName\":\"search_term_string\"}}],\"inLanguage\":\"fr-FR\"}]}<\/script>\n<!-- \/ Yoast SEO plugin. -->","yoast_head_json":{"title":"Sania DAOUDI - ThetaHealing-Bruxelles","description":"Sania DAOUDI est une praticienne en thetaHealing et chaman \u00e0 Bruxelles, en Belgique, en Visio - le thetaHealing on line","robots":{"index":"index","follow":"follow","max-snippet":"max-snippet:-1","max-image-preview":"max-image-preview:large","max-video-preview":"max-video-preview:-1"},"canonical":"https:\/\/thetahealing-bruxelles.be\/index.php\/sania-daoudi-thetahealing\/","og_locale":"fr_FR","og_type":"article","og_title":"Sania DAOUDI - ThetaHealing-Bruxelles","og_description":"Sania DAOUDI est une praticienne en thetaHealing et chaman \u00e0 Bruxelles, en Belgique, en Visio - le thetaHealing on line","og_url":"https:\/\/thetahealing-bruxelles.be\/index.php\/sania-daoudi-thetahealing\/","og_site_name":"ThetaHealing-Bruxelles","article_modified_time":"2026-03-23T00:28:31+00:00","og_image":[{"width":565,"height":426,"url":"https:\/\/thetahealing-bruxelles.be\/wp-content\/uploads\/2024\/07\/Sania-Daoudi.jpg","type":"image\/jpeg"}],"twitter_card":"summary_large_image","twitter_misc":{"Dur\u00e9e de lecture estim\u00e9e":"1 minute"},"schema":{"@context":"https:\/\/schema.org","@graph":[{"@type":"WebPage","@id":"https:\/\/thetahealing-bruxelles.be\/index.php\/sania-daoudi-thetahealing\/","url":"https:\/\/thetahealing-bruxelles.be\/index.php\/sania-daoudi-thetahealing\/","name":"Sania DAOUDI - ThetaHealing-Bruxelles","isPartOf":{"@id":"https:\/\/thetahealing-bruxelles.be\/#website"},"primaryImageOfPage":{"@id":"https:\/\/thetahealing-bruxelles.be\/index.php\/sania-daoudi-thetahealing\/#primaryimage"},"image":{"@id":"https:\/\/thetahealing-bruxelles.be\/index.php\/sania-daoudi-thetahealing\/#primaryimage"},"thumbnailUrl":"https:\/\/thetahealing-bruxelles.be\/wp-content\/uploads\/2024\/07\/Sania-Daoudi.jpg","datePublished":"2024-07-08T20:03:33+00:00","dateModified":"2026-03-23T00:28:31+00:00","description":"Sania DAOUDI est une praticienne en thetaHealing et chaman \u00e0 Bruxelles, en Belgique, en Visio - le thetaHealing on line","breadcrumb":{"@id":"https:\/\/thetahealing-bruxelles.be\/index.php\/sania-daoudi-thetahealing\/#breadcrumb"},"inLanguage":"fr-FR","potentialAction":[{"@type":"ReadAction","target":["https:\/\/thetahealing-bruxelles.be\/index.php\/sania-daoudi-thetahealing\/"]}]},{"@type":"ImageObject","inLanguage":"fr-FR","@id":"https:\/\/thetahealing-bruxelles.be\/index.php\/sania-daoudi-thetahealing\/#primaryimage","url":"https:\/\/thetahealing-bruxelles.be\/wp-content\/uploads\/2024\/07\/Sania-Daoudi.jpg","contentUrl":"https:\/\/thetahealing-bruxelles.be\/wp-content\/uploads\/2024\/07\/Sania-Daoudi.jpg","width":565,"height":426,"caption":"Sania Daoudi ThetaHealing"},{"@type":"BreadcrumbList","@id":"https:\/\/thetahealing-bruxelles.be\/index.php\/sania-daoudi-thetahealing\/#breadcrumb","itemListElement":[{"@type":"ListItem","position":1,"name":"Accueil","item":"https:\/\/thetahealing-bruxelles.be\/"},{"@type":"ListItem","position":2,"name":"Sania DAOUDI"}]},{"@type":"WebSite","@id":"https:\/\/thetahealing-bruxelles.be\/#website","url":"https:\/\/thetahealing-bruxelles.be\/","name":"ThetaHealing-Bruxelles","description":"D\u00e9passez vos croyances limitantes !","potentialAction":[{"@type":"SearchAction","target":{"@type":"EntryPoint","urlTemplate":"https:\/\/thetahealing-bruxelles.be\/?s={search_term_string}"},"query-input":{"@type":"PropertyValueSpecification","valueRequired":true,"valueName":"search_term_string"}}],"inLanguage":"fr-FR"}]}},"acf":[],"_links":{"self":[{"href":"https:\/\/thetahealing-bruxelles.be\/index.php\/wp-json\/wp\/v2\/pages\/33","targetHints":{"allow":["GET"]}}],"collection":[{"href":"https:\/\/thetahealing-bruxelles.be\/index.php\/wp-json\/wp\/v2\/pages"}],"about":[{"href":"https:\/\/thetahealing-bruxelles.be\/index.php\/wp-json\/wp\/v2\/types\/page"}],"author":[{"embeddable":true,"href":"https:\/\/thetahealing-bruxelles.be\/index.php\/wp-json\/wp\/v2\/users\/1"}],"replies":[{"embeddable":true,"href":"https:\/\/thetahealing-bruxelles.be\/index.php\/wp-json\/wp\/v2\/comments?post=33"}],"version-history":[{"count":7,"href":"https:\/\/thetahealing-bruxelles.be\/index.php\/wp-json\/wp\/v2\/pages\/33\/revisions"}],"predecessor-version":[{"id":229,"href":"https:\/\/thetahealing-bruxelles.be\/index.php\/wp-json\/wp\/v2\/pages\/33\/revisions\/229"}],"wp:attachment":[{"href":"https:\/\/thetahealing-bruxelles.be\/index.php\/wp-json\/wp\/v2\/media?parent=33"}],"curies":[{"name":"wp","href":"https:\/\/api.w.org\/{rel}","templated":true}]}}